{"id":112,"date":"2022-03-06T21:54:05","date_gmt":"2022-03-06T19:54:05","guid":{"rendered":"https:\/\/ovm.baixemporda.cat\/?page_id=112"},"modified":"2022-10-04T12:31:44","modified_gmt":"2022-10-04T10:31:44","slug":"com-detectar-si-algu-pateie-violencia-de-genere","status":"publish","type":"page","link":"https:\/\/ovm.baixemporda.cat\/index.php\/com-detectar-si-algu-pateie-violencia-de-genere\/","title":{"rendered":"Com detectar si alguna persona pateix viol\u00e8ncia masclista?"},"content":{"rendered":"\n<p><br>La viol\u00e8ncia masclista es la imatge m\u00e9s brutal de la desigualtat existent a la nostra societat. Es tracta d&#8217;una viol\u00e8ncia que es dirigeix sobre les dones pel fet mateix de ser-ho, perqu\u00e8 s\u00f3n considerades, pels seus agressors, manques dels drets m\u00ednims de llibertat, respecte i capacitat de decisi\u00f3 (LO 1\/2004).&nbsp;<\/p>\n\n\n\n<p>La viol\u00e8ncia t\u00e9 greus conseq\u00fc\u00e8ncies f\u00edsiques, econ\u00f2miques i psicol\u00f2giques sobre les dones i les nenes, tant a curt com a llarg termini. La magnitud d&#8217;aquest impacte, tant a la vida de les persones i fam\u00edlies com de la societat en conjunt, \u00e9s immensa.<\/p>\n\n\n\n<p>Dit aix\u00f2, cal preguntar-se com podem detectar un cas de viol\u00e8ncia i actuar.&nbsp;<\/p>\n\n\n\n<p>Pel que fa a la detecci\u00f3, hi ha certs comportaments, actituds, comentaris o omissions que s\u00f3n manifestacions de la viol\u00e8ncia masclista. Si la parella o exparella d&#8217;una dona est\u00e0 duent a terme les accions seg\u00fcents, ella podr\u00eda est\u00e0 patint una situaci\u00f3 de maltractament:<\/p>\n\n\n\n<p>&#8211; &nbsp; &nbsp; &nbsp;La parella ignora o menysprea els sentiments de la v\u00edctima amb freq\u00fc\u00e8ncia.<\/p>\n\n\n\n<p>&#8211; &nbsp; &nbsp; &nbsp; Ridiculitza, insulta o menysprea les dones en general o del seu entorn.<\/p>\n\n\n\n<p>&#8211; &nbsp; &nbsp; &nbsp;  La crida o insulta en privat o en p\u00fablic.<\/p>\n\n\n\n<p>&#8211; &nbsp; &nbsp; &nbsp; Amena\u00e7a de fer mal aquesta persona o la seva fam\u00edlia.<\/p>\n\n\n\n<p>&#8211; &nbsp; &nbsp; &nbsp; L&#8217;ha agredit alguna vegada f\u00edsicament.<\/p>\n\n\n\n<p>&#8211; &nbsp; &nbsp; &nbsp; L&#8217;a\u00eflla de familiars i\/o amistats.<\/p>\n\n\n\n<p>&#8211; &nbsp; &nbsp; &nbsp; L&#8217;ha for\u00e7at a mantenir relacions sexuals contra la seva voluntat.<\/p>\n\n\n\n<p>&#8211; &nbsp; &nbsp; &nbsp; Controla els diners i pren les decisions.<\/p>\n\n\n\n<p>&#8211; &nbsp; &nbsp; &nbsp; No  permet treballar a la v\u00edctima<\/p>\n\n\n\n<p>&#8211; &nbsp; &nbsp; &nbsp; Amena\u00e7a de treure les filles i fills en cas de deixar-ho.<\/p>\n\n\n\n<p>&#8211; &nbsp; &nbsp; &nbsp; Ell controla la seva manera de vestir.<\/p>\n\n\n\n<p>&#8211; &nbsp; &nbsp; &nbsp; Ella no expressa les seves opinions per por de la seva reacci\u00f3.<\/p>\n\n\n\n<p>&#8211; &nbsp; &nbsp; &nbsp; Ell revisa el tel\u00e8fon m\u00f2bil i les xarxes socials.<\/p>\n\n\n\n<p>&#8211; &nbsp; &nbsp; &nbsp; Ell mostra gelosia freq\u00fcentment.<\/p>\n\n\n\n<p>&#8211; &nbsp; &nbsp; &nbsp; Ella deixat de sortir amb el cercle d&#8217;amistats perqu\u00e8 \u201cno li cauen b\u00e9\u201d.<\/p>\n\n\n\n<p>Si heu presenciat,  viscut o esteu vivint algunes d\u2019aquestes situacions, es recomana que es demani ajuda de forma immediata. <\/p>\n\n\n\n<p>Font: Delegaci\u00f3 del Govern de Viol\u00e8ncia Masclista<\/p>\n","protected":false},"excerpt":{"rendered":"<p>La viol\u00e8ncia masclista es la imatge m\u00e9s brutal de la desigualtat existent a la nostra societat. Es tracta d&#8217;una viol\u00e8ncia que es dirigeix sobre les dones pel fet mateix de ser-ho, perqu\u00e8 s\u00f3n considerades, pels seus agressors, manques dels drets m\u00ednims de llibertat, respecte i capacitat de decisi\u00f3 (LO 1\/2004).&nbsp; La viol\u00e8ncia t\u00e9 greus conseq\u00fc\u00e8ncies [&hellip;]<\/p>\n","protected":false},"author":2,"featured_media":0,"parent":0,"menu_order":0,"comment_status":"closed","ping_status":"closed","template":"","meta":{"footnotes":""},"class_list":["post-112","page","type-page","status-publish","hentry"],"_links":{"self":[{"href":"https:\/\/ovm.baixemporda.cat\/index.php\/wp-json\/wp\/v2\/pages\/112","targetHints":{"allow":["GET"]}}],"collection":[{"href":"https:\/\/ovm.baixemporda.cat\/index.php\/wp-json\/wp\/v2\/pages"}],"about":[{"href":"https:\/\/ovm.baixemporda.cat\/index.php\/wp-json\/wp\/v2\/types\/page"}],"author":[{"embeddable":true,"href":"https:\/\/ovm.baixemporda.cat\/index.php\/wp-json\/wp\/v2\/users\/2"}],"replies":[{"embeddable":true,"href":"https:\/\/ovm.baixemporda.cat\/index.php\/wp-json\/wp\/v2\/comments?post=112"}],"version-history":[{"count":10,"href":"https:\/\/ovm.baixemporda.cat\/index.php\/wp-json\/wp\/v2\/pages\/112\/revisions"}],"predecessor-version":[{"id":2424,"href":"https:\/\/ovm.baixemporda.cat\/index.php\/wp-json\/wp\/v2\/pages\/112\/revisions\/2424"}],"wp:attachment":[{"href":"https:\/\/ovm.baixemporda.cat\/index.php\/wp-json\/wp\/v2\/media?parent=112"}],"curies":[{"name":"wp","href":"https:\/\/api.w.org\/{rel}","templated":true}]}}