{"id":137,"date":"2022-03-08T12:16:34","date_gmt":"2022-03-08T10:16:34","guid":{"rendered":"https:\/\/ovm.baixemporda.cat\/?page_id=137"},"modified":"2022-10-04T12:50:30","modified_gmt":"2022-10-04T10:50:30","slug":"mesures-dactuacio-davant-duna-situacio-de-violencia-masclista","status":"publish","type":"page","link":"https:\/\/ovm.baixemporda.cat\/index.php\/mesures-dactuacio-davant-duna-situacio-de-violencia-masclista\/","title":{"rendered":"Mesures d&#8217;actuaci\u00f3 davant d&#8217;una situaci\u00f3 de viol\u00e8ncia masclista"},"content":{"rendered":"\n<p>El pla de seguretat \u00e9s una manera de protegir-se, preparar-se i disminuir el risc que hi ha dins una relaci\u00f3 amb episodis de viol\u00e8ncia.\u00a0Et recomanem que:<\/p>\n\n\n\n<ul class=\"wp-block-list\"><li>Memoritza o fes una llista amb els n\u00fameros de tel\u00e8fon de persones que et puguin ajudar.<\/li><\/ul>\n\n\n\n<ul class=\"wp-block-list\"><li>Memoritza el tel\u00e8fon de la policia.<\/li><\/ul>\n\n\n\n<ul class=\"wp-block-list\"><li>Tingues un tel\u00e8fon sempre a m\u00e0<\/li><\/ul>\n\n\n\n<ul class=\"wp-block-list\"><li>Tingues localitzats els documents m\u00e9s importants que hauries d&#8217;agafar si has de fugir de casa teva o guarda&#8217;t una c\u00f2pia a casa d&#8217;una persona de la teva confian\u00e7a.<\/li><\/ul>\n\n\n\n<ul class=\"wp-block-list\"><li>Explica als teus fills\/es la necessitat que obeeixin al teu av\u00eds d&#8217;alerta i assegura&#8217;t que ho hagin ent\u00e8s.<\/li><\/ul>\n\n\n\n<ul class=\"wp-block-list\"><li>Adopta mesures de seguretat: canvia el pany de la porta, bona visibilitat de l&#8217;espiell, canvia el n\u00famero de tel\u00e8fon\u2026<\/li><\/ul>\n\n\n\n<ul class=\"wp-block-list\"><li>Abans d&#8217;obrir la porta, comprova quina persona truca, si no la veus, NO obris.<\/li><\/ul>\n\n\n\n<ul class=\"wp-block-list\"><li>MAI obris a l&#8217;agressor i adverteix els teus fills, filles, persones al teu c\u00e0rrec o altres persones amb qui comparteixes el domicili. Si \u00e9s ell qui truca, posa&#8217;t en contacte amb la policia, sobretot si hi ha una ordre d&#8217;allunyament. <\/li><\/ul>\n\n\n\n<ul class=\"wp-block-list\"><li>Comunica la teva situaci\u00f3 a persones de confian\u00e7a, especialment ve\u00efns, perqu\u00e8 t&#8217;adverteixin si veuen l&#8217;agressor rondant pels voltants del teu habitatge per a que adoptin mesures de prevenci\u00f3 i, si escau, avisin tamb\u00e9 la policia.<\/li><\/ul>\n\n\n\n<ul class=\"wp-block-list\"><li>Acorda amb una amiga, ve\u00efna o familiar, el lloc on acudir si has de marxar amb urg\u00e8ncia del domicili.<\/li><\/ul>\n\n\n\n<ul class=\"wp-block-list\"><li>Acorda amb una ve\u00efna algun senyal  perqu\u00e8 truqui a la policia.<\/li><\/ul>\n\n\n\n<p>Qu\u00e8 fer quan hi ha viol\u00e8ncia o sentiu por? <\/p>\n\n\n\n<p>-\u00c9s a casa vostra i sorgeix una discussi\u00f3 amb la seva parella. Si la situaci\u00f3 es posa perillosa, recorda el seg\u00fcent:&nbsp;<\/p>\n\n\n\n<ul class=\"wp-block-list\"><li>Apropa&#8217;t a un lloc des d&#8217;on puguis sortir sense perill.<\/li><\/ul>\n\n\n\n<ul class=\"wp-block-list\"><li>No hi vagis a la cuina, on hi ha objectes que puguin fer mal, ni al bany o habitacions on puguis quedar tancada.<\/li><\/ul>\n\n\n\n<ul class=\"wp-block-list\"><li>Si l&#8217;agressor ha perdut el control, surt de casa.<\/li><\/ul>\n\n\n\n<ul class=\"wp-block-list\"><li>Si no pots sortir, crida i demana ajuda a altres persones que et puguin  ajudar o trucar a la policia.<\/li><\/ul>\n\n\n\n<ul class=\"wp-block-list\"><li>Intenta defensar-te.<\/li><\/ul>\n\n\n\n<ul class=\"wp-block-list\"><li>Protegeix les parts m\u00e9s vulnerables del teu cos (cara, cap, pit i ventre) amb bra\u00e7os i cames.<\/li><\/ul>\n\n\n\n<p>En cas d&#8217;agressi\u00f3:&nbsp;<\/p>\n\n\n\n<ul class=\"wp-block-list\"><li>Si tens lesions, acudeix r\u00e0pidament a un Servei d&#8217;Urg\u00e8ncies. Procura anar acompanyada d&#8217;una persona de la teva confian\u00e7a.<\/li><\/ul>\n\n\n\n<ul class=\"wp-block-list\"><li>Si sents perill o amena\u00e7a, truca als Mossos d&#8217;Esquadra o al tel\u00e8fon d&#8217;emerg\u00e8ncies 112, tamb\u00e9 pots trucar a la l\u00ednia d&#8217;atenci\u00f3 contra la viol\u00e8ncia masclista 900 900 120 o enviar al Whatsapp del 601 001 122.<\/li><\/ul>\n\n\n\n<ul class=\"wp-block-list\"><li>Important: Al Servei d&#8217;Urg\u00e8ncies, despr\u00e9s de ser atesa, sol\u00b7licita c\u00f2pia de l&#8217;Informe M\u00e8dic.<\/li><\/ul>\n\n\n\n<p class=\"has-small-font-size\">Font: Delegaci\u00f3 del Govern contra la Viol\u00e8ncia Masclista<\/p>\n","protected":false},"excerpt":{"rendered":"<p>El pla de seguretat \u00e9s una manera de protegir-se, preparar-se i disminuir el risc que hi ha dins una relaci\u00f3 amb episodis de viol\u00e8ncia.\u00a0Et recomanem que: Memoritza o fes una llista amb els n\u00fameros de tel\u00e8fon de persones que et puguin ajudar. Memoritza el tel\u00e8fon de la policia. Tingues un tel\u00e8fon sempre a m\u00e0 Tingues [&hellip;]<\/p>\n","protected":false},"author":2,"featured_media":0,"parent":0,"menu_order":0,"comment_status":"closed","ping_status":"closed","template":"","meta":{"footnotes":""},"class_list":["post-137","page","type-page","status-publish","hentry"],"_links":{"self":[{"href":"https:\/\/ovm.baixemporda.cat\/index.php\/wp-json\/wp\/v2\/pages\/137","targetHints":{"allow":["GET"]}}],"collection":[{"href":"https:\/\/ovm.baixemporda.cat\/index.php\/wp-json\/wp\/v2\/pages"}],"about":[{"href":"https:\/\/ovm.baixemporda.cat\/index.php\/wp-json\/wp\/v2\/types\/page"}],"author":[{"embeddable":true,"href":"https:\/\/ovm.baixemporda.cat\/index.php\/wp-json\/wp\/v2\/users\/2"}],"replies":[{"embeddable":true,"href":"https:\/\/ovm.baixemporda.cat\/index.php\/wp-json\/wp\/v2\/comments?post=137"}],"version-history":[{"count":14,"href":"https:\/\/ovm.baixemporda.cat\/index.php\/wp-json\/wp\/v2\/pages\/137\/revisions"}],"predecessor-version":[{"id":2450,"href":"https:\/\/ovm.baixemporda.cat\/index.php\/wp-json\/wp\/v2\/pages\/137\/revisions\/2450"}],"wp:attachment":[{"href":"https:\/\/ovm.baixemporda.cat\/index.php\/wp-json\/wp\/v2\/media?parent=137"}],"curies":[{"name":"wp","href":"https:\/\/api.w.org\/{rel}","templated":true}]}}