{"id":1417,"date":"2022-05-25T13:06:33","date_gmt":"2022-05-25T11:06:33","guid":{"rendered":"https:\/\/ovm.baixemporda.cat\/?page_id=1417"},"modified":"2022-12-05T10:21:19","modified_gmt":"2022-12-05T08:21:19","slug":"comissio-de-coordinacio-contra-la-violencia-masclista-al-baix-emporda","status":"publish","type":"page","link":"https:\/\/ovm.baixemporda.cat\/index.php\/comissio-de-coordinacio-contra-la-violencia-masclista-al-baix-emporda\/","title":{"rendered":"Comissi\u00f3 de Coordinaci\u00f3 contra la Viol\u00e8ncia Masclista al Baix Empord\u00e0"},"content":{"rendered":"\n<p>La Comissi\u00f3 de Coordinaci\u00f3 de viol\u00e8ncia masclista com a \u00f2rgan de participaci\u00f3 i de col\u00b7laboraci\u00f3 interadministratiu t\u00e9 per finalitat constituir-se per a una intervenci\u00f3 coordinada institucional per a impulsar, efectuar el seguiment, control i avaluar les actuacions en l&#8217;abordatge de la viol\u00e8ncia masclista a la comarca del Baix Empord\u00e0, aix\u00ed com fomentar la participaci\u00f3 i col\u00b7laboraci\u00f3 de les diferents administracions i organismes amb les entitats i \u00f2rgans de la societat civil que treballen en aquest \u00e0mbit a la comarca.<\/p>\n\n\n\n<p><strong>FUNCIONS<\/strong><\/p>\n\n\n\n<p>La Comissi\u00f3 de Coordinaci\u00f3 de viol\u00e8ncia masclista ha de desenvolupar les funcions seg\u00fcents:<\/p>\n\n\n\n<ul class=\"wp-block-list\">\n<li>Con\u00e8ixer i coordinar les actuacions de les diferents administracions locals de la comarca i els organismes relacionats amb la viol\u00e8ncia masclista, sens perjudici de les compet\u00e8ncies espec\u00edfiques que tenen atribu\u00efdes en aquesta mat\u00e8ria i d&#8217;aquests organismes amb les institucions que tinguin objectius relacionats espec\u00edficament amb la viol\u00e8ncia masclista o de g\u00e8nere<\/li>\n\n\n\n<li>Fomentar instruments de participaci\u00f3, col\u00b7laboraci\u00f3 i cooperaci\u00f3 entre administracions p\u00fabliques, organitzacions socials, agents econ\u00f2mics i socials, els grups de dones i les persones professionals dels diferents \u00e0mbits com a elements necessaris per a millorar la prevenci\u00f3, l&#8217;atenci\u00f3 i la recuperaci\u00f3.<\/li>\n\n\n\n<li>Vetllar pel compliment de les actuacions acordades en mat\u00e8ria d&#8217;abordatge de la viol\u00e8ncia masclista<\/li>\n\n\n\n<li>Avaluar les accions que s&#8217;estan duent a terme al Baix Empord\u00e0 front la viol\u00e8ncia masclista<\/li>\n\n\n\n<li>Formular les propostes sobre pr\u00e0ctiques i recomanacions d&#8217;actuacions per avan\u00e7ar en la prevenci\u00f3 de la viol\u00e8ncia masclista i en la identificaci\u00f3 de les necessitats derivades dels diferents col\u00b7lectius<\/li>\n\n\n\n<li>Informar sobre pr\u00e0ctiques i projectes nous a posar en marxa, referents a l&#8217;abordatge de la viol\u00e8ncia masclista<\/li>\n\n\n\n<li>Deliberar sobre totes les q\u00fcestions relacionades amb la viol\u00e8ncia masclista que li siguin sotmeses a iniciativa de l&#8217;\u00f2rgan convocant<\/li>\n\n\n\n<li>Fomentar instruments de participaci\u00f3, col\u00b7laboraci\u00f3 i cooperaci\u00f3 entre les distintes administracions p\u00fabliques, les organitzacions socials, els agents econ\u00f2mics, socials, els grups de dones i les persones professionals dels diferents \u00e0mbits d&#8217;actuaci\u00f3 al Baix Empord\u00e0 com a elements necessaris per a millorar la prevenci\u00f3, l&#8217;atenci\u00f3 i la recuperaci\u00f3 de les dones en situaci\u00f3 de viol\u00e8ncia masclista. <\/li>\n<\/ul>\n\n\n\n<p><\/p>\n\n\n\n<p><\/p>\n","protected":false},"excerpt":{"rendered":"<p>La Comissi\u00f3 de Coordinaci\u00f3 de viol\u00e8ncia masclista com a \u00f2rgan de participaci\u00f3 i de col\u00b7laboraci\u00f3 interadministratiu t\u00e9 per finalitat constituir-se per a una intervenci\u00f3 coordinada institucional per a impulsar, efectuar el seguiment, control i avaluar les actuacions en l&#8217;abordatge de la viol\u00e8ncia masclista a la comarca del Baix Empord\u00e0, aix\u00ed com fomentar la participaci\u00f3 i [&hellip;]<\/p>\n","protected":false},"author":2,"featured_media":0,"parent":0,"menu_order":0,"comment_status":"closed","ping_status":"closed","template":"","meta":{"footnotes":""},"class_list":["post-1417","page","type-page","status-publish","hentry"],"_links":{"self":[{"href":"https:\/\/ovm.baixemporda.cat\/index.php\/wp-json\/wp\/v2\/pages\/1417","targetHints":{"allow":["GET"]}}],"collection":[{"href":"https:\/\/ovm.baixemporda.cat\/index.php\/wp-json\/wp\/v2\/pages"}],"about":[{"href":"https:\/\/ovm.baixemporda.cat\/index.php\/wp-json\/wp\/v2\/types\/page"}],"author":[{"embeddable":true,"href":"https:\/\/ovm.baixemporda.cat\/index.php\/wp-json\/wp\/v2\/users\/2"}],"replies":[{"embeddable":true,"href":"https:\/\/ovm.baixemporda.cat\/index.php\/wp-json\/wp\/v2\/comments?post=1417"}],"version-history":[{"count":2,"href":"https:\/\/ovm.baixemporda.cat\/index.php\/wp-json\/wp\/v2\/pages\/1417\/revisions"}],"predecessor-version":[{"id":3661,"href":"https:\/\/ovm.baixemporda.cat\/index.php\/wp-json\/wp\/v2\/pages\/1417\/revisions\/3661"}],"wp:attachment":[{"href":"https:\/\/ovm.baixemporda.cat\/index.php\/wp-json\/wp\/v2\/media?parent=1417"}],"curies":[{"name":"wp","href":"https:\/\/api.w.org\/{rel}","templated":true}]}}