{"id":158,"date":"2022-03-15T12:01:00","date_gmt":"2022-03-15T10:01:00","guid":{"rendered":"https:\/\/ovm.baixemporda.cat\/?page_id=158"},"modified":"2022-10-04T10:24:50","modified_gmt":"2022-10-04T08:24:50","slug":"dades-de-les-atencions-dels-serveis","status":"publish","type":"page","link":"https:\/\/ovm.baixemporda.cat\/index.php\/dades-de-les-atencions-dels-serveis\/","title":{"rendered":"Dades de les atencions dels serveis"},"content":{"rendered":"\n<p>Les Oficines d&#8217;informaci\u00f3 de l&#8217;Institut Catal\u00e0 de les Dones i els Serveis d\u2019informaci\u00f3 i atenci\u00f3 a les dones (SIAD), de titularitat municipal o comarcal, informen sobre qualsevol mat\u00e8ria, com ara salut, treball, habitatge, serveis socials, viol\u00e8ncies masclistes i recursos per a les dones, i, si s&#8217;escau deriven cap a les entitats i organismes m\u00e9s especialitzats.<\/p>\n\n\n\n<p>Les dades que es mostren provenen de diferents aplicatius inform\u00e0tics de recollida de dades sobre les actuacions realitzades pels SIAD i les Oficines de l\u2019ICD. Aquestes dades han estat enviades i s\u2019han homogene\u00eftzat a trav\u00e9s de l\u2019aplicatiu Hip\u00e0tia.<\/p>\n\n\n\n<p>La visualitzaci\u00f3 de les dades es troba agrupada en dos apartats:<\/p>\n\n\n\n<ol class=\"wp-block-list\"><li>Caracter\u00edstiques de l\u2019atenci\u00f3<\/li><li>Caracter\u00edstiques sociodemogr\u00e0fiques<\/li><\/ol>\n\n\n\n<p>En elles podem obtenir informaci\u00f3, sobre l\u2019any d\u2019atenci\u00f3 que van rebre les v\u00edctimes, la forma de tramitaci\u00f3 de l\u2019atenci\u00f3, les dones que han estat ateses en situaci\u00f3 de viol\u00e8ncies masclistes etc.&nbsp;<\/p>\n\n\n\n<p>En link que compartim a continuaci\u00f3 podreu trobar tota la informaci\u00f3 necess\u00e1ria.<\/p>\n\n\n\n<p><a href=\"https:\/\/app.powerbi.com\/view?r=eyJrIjoiNDIwMzAwN2QtM2I1MC00NzVlLWI1ODAtM2U2ZjFkYzk0YTIzIiwidCI6IjNiOTQyN2RjLWQzMGUtNDNiYy04YzA2LWZmNzI1MzY3NmZlYyIsImMiOjh9&amp;pageName=ReportSectionae2f4c380900b085a8e1\">https:\/\/app.powerbi.com\/view?r=eyJrIjoiNDIwMzAwN2QtM2I1MC00NzVlLWI1ODAtM2U2ZjFkYzk0YTIzIiwidCI6IjNiOTQyN2RjLWQzMGUtNDNiYy04YzA2LWZmNzI1MzY3NmZlYyIsImMiOjh9&amp;pageName=ReportSectionae2f4c380900b085a8e1<\/a><\/p>\n","protected":false},"excerpt":{"rendered":"<p>Les Oficines d&#8217;informaci\u00f3 de l&#8217;Institut Catal\u00e0 de les Dones i els Serveis d\u2019informaci\u00f3 i atenci\u00f3 a les dones (SIAD), de titularitat municipal o comarcal, informen sobre qualsevol mat\u00e8ria, com ara salut, treball, habitatge, serveis socials, viol\u00e8ncies masclistes i recursos per a les dones, i, si s&#8217;escau deriven cap a les entitats i organismes m\u00e9s especialitzats. [&hellip;]<\/p>\n","protected":false},"author":2,"featured_media":0,"parent":0,"menu_order":0,"comment_status":"closed","ping_status":"closed","template":"","meta":{"footnotes":""},"class_list":["post-158","page","type-page","status-publish","hentry"],"_links":{"self":[{"href":"https:\/\/ovm.baixemporda.cat\/index.php\/wp-json\/wp\/v2\/pages\/158","targetHints":{"allow":["GET"]}}],"collection":[{"href":"https:\/\/ovm.baixemporda.cat\/index.php\/wp-json\/wp\/v2\/pages"}],"about":[{"href":"https:\/\/ovm.baixemporda.cat\/index.php\/wp-json\/wp\/v2\/types\/page"}],"author":[{"embeddable":true,"href":"https:\/\/ovm.baixemporda.cat\/index.php\/wp-json\/wp\/v2\/users\/2"}],"replies":[{"embeddable":true,"href":"https:\/\/ovm.baixemporda.cat\/index.php\/wp-json\/wp\/v2\/comments?post=158"}],"version-history":[{"count":2,"href":"https:\/\/ovm.baixemporda.cat\/index.php\/wp-json\/wp\/v2\/pages\/158\/revisions"}],"predecessor-version":[{"id":2401,"href":"https:\/\/ovm.baixemporda.cat\/index.php\/wp-json\/wp\/v2\/pages\/158\/revisions\/2401"}],"wp:attachment":[{"href":"https:\/\/ovm.baixemporda.cat\/index.php\/wp-json\/wp\/v2\/media?parent=158"}],"curies":[{"name":"wp","href":"https:\/\/api.w.org\/{rel}","templated":true}]}}