{"id":308,"date":"2022-03-27T19:16:50","date_gmt":"2022-03-27T17:16:50","guid":{"rendered":"https:\/\/ovm.baixemporda.cat\/?page_id=308"},"modified":"2022-03-30T13:09:13","modified_gmt":"2022-03-30T11:09:13","slug":"normativa-contra-la-violencia-masclista","status":"publish","type":"page","link":"https:\/\/ovm.baixemporda.cat\/index.php\/normativa-contra-la-violencia-masclista\/","title":{"rendered":"Normativa contra la viol\u00e8ncia masclista"},"content":{"rendered":"\n<p>La Llei 5\/2008, del 24 d\u2019abril, del dret de les dones a erradicar la viol\u00e8ncia masclista, va \u00e9sser una llei pionera, fruit de la participaci\u00f3 de les organitzacions feministes, els partits pol\u00edtics i de la construcci\u00f3 de consensos. Encara avui en dia es pot considerar la llei m\u00e9s avan\u00e7ada en mat\u00e8ria de viol\u00e8ncia masclista a l\u2019Estat espanyol.<\/p>\n\n\n\n<p>Aquesta\u00a0t\u00e9 la vocaci\u00f3 d\u2019ampliar, refor\u00e7ar i actualitzar la Llei 5\/2008, i tamb\u00e9 de protegir els drets de les dones transg\u00e8nere, cisg\u00e8nere i de les persones no bin\u00e0ries, amb la finalitat de respectar la diversitat de g\u00e8nere.<\/p>\n\n\n\n<p>Del resultat del treball parlamentari, de les modificacions i novetats introdu\u00efdes en s\u00f3n un exemple el tractament de q\u00fcestions com la viol\u00e8ncia contra les dones en la vida pol\u00edtica, que pot tenir l\u2019efecte de descoratjar-les de la participaci\u00f3 pol\u00edtica  i restringir la  capacitat d\u2019influ\u00e8ncia en la vida p\u00fablica.<\/p>\n\n\n\n<p>Una altra novetat \u00e9s la regulaci\u00f3 de la viol\u00e8ncia institucional com a \u00e0mbit, amb la definici\u00f3 de la dilig\u00e8ncia deguda i l\u2019especificaci\u00f3 de que aquesta es pot causar tant per acci\u00f3 com per omissi\u00f3.<\/p>\n\n\n\n<p>Tamb\u00e9 s\u2019introdueix la regulaci\u00f3 de les viol\u00e8ncies digitals, ateses les nombroses agressions masclistes que es produeixen amb l\u2019\u00fas de les xarxes socials o de tota mena de dispositius electr\u00f2nics o digitals, com les suplantacions d\u2019identitat, la publicaci\u00f3 de fotografies o v\u00eddeos sense consentiment, o els insults i les amenaces.<\/p>\n\n\n\n<p>Entre les modificacions m\u00e9s significatives resulta rellevant l&#8217;inclusi\u00f3 d\u2019una definici\u00f3 de consentiment sexual, en la qual es fixa com a requisit essencial la necessitat de voluntat expressa.<\/p>\n\n\n\n<p>I, per \u00faltim, s\u2019introdueixen modificacions en el sentit d\u2019ampliar els tipus de viol\u00e8ncia en l\u2019\u00e0mbit social i comunitari, les formes de viol\u00e8ncia masclista i la necessitat de la formaci\u00f3 de professionals, entre d&#8217;altres.<\/p>\n\n\n\n<p><\/p>\n","protected":false},"excerpt":{"rendered":"<p>La Llei 5\/2008, del 24 d\u2019abril, del dret de les dones a erradicar la viol\u00e8ncia masclista, va \u00e9sser una llei pionera, fruit de la participaci\u00f3 de les organitzacions feministes, els partits pol\u00edtics i de la construcci\u00f3 de consensos. Encara avui en dia es pot considerar la llei m\u00e9s avan\u00e7ada en mat\u00e8ria de viol\u00e8ncia masclista a [&hellip;]<\/p>\n","protected":false},"author":2,"featured_media":0,"parent":0,"menu_order":0,"comment_status":"closed","ping_status":"closed","template":"","meta":{"footnotes":""},"class_list":["post-308","page","type-page","status-publish","hentry"],"_links":{"self":[{"href":"https:\/\/ovm.baixemporda.cat\/index.php\/wp-json\/wp\/v2\/pages\/308","targetHints":{"allow":["GET"]}}],"collection":[{"href":"https:\/\/ovm.baixemporda.cat\/index.php\/wp-json\/wp\/v2\/pages"}],"about":[{"href":"https:\/\/ovm.baixemporda.cat\/index.php\/wp-json\/wp\/v2\/types\/page"}],"author":[{"embeddable":true,"href":"https:\/\/ovm.baixemporda.cat\/index.php\/wp-json\/wp\/v2\/users\/2"}],"replies":[{"embeddable":true,"href":"https:\/\/ovm.baixemporda.cat\/index.php\/wp-json\/wp\/v2\/comments?post=308"}],"version-history":[{"count":6,"href":"https:\/\/ovm.baixemporda.cat\/index.php\/wp-json\/wp\/v2\/pages\/308\/revisions"}],"predecessor-version":[{"id":789,"href":"https:\/\/ovm.baixemporda.cat\/index.php\/wp-json\/wp\/v2\/pages\/308\/revisions\/789"}],"wp:attachment":[{"href":"https:\/\/ovm.baixemporda.cat\/index.php\/wp-json\/wp\/v2\/media?parent=308"}],"curies":[{"name":"wp","href":"https:\/\/api.w.org\/{rel}","templated":true}]}}