{"id":3112,"date":"2022-10-26T15:09:28","date_gmt":"2022-10-26T13:09:28","guid":{"rendered":"https:\/\/ovm.baixemporda.cat\/?page_id=3112"},"modified":"2024-05-14T14:32:20","modified_gmt":"2024-05-14T12:32:20","slug":"franja-horaria-en-la-qual-sha-comes-la-situacio-de-violencia","status":"publish","type":"page","link":"https:\/\/ovm.baixemporda.cat\/index.php\/franja-horaria-en-la-qual-sha-comes-la-situacio-de-violencia\/","title":{"rendered":"FRANJA HOR\u00c0RIA EN LA QUAL S&#8217;HA COM\u00c8S LA SITUACI\u00d3 DE VIOL\u00c8NCIA"},"content":{"rendered":"<div data-colibri-id=\"3112-c1\" class=\"style-2085 style-local-3112-c1 position-relative\">\n  <!---->\n  <div data-colibri-component=\"section\" data-colibri-id=\"3112-c2\" id=\"initial-content\" class=\"h-section h-section-global-spacing d-flex align-items-lg-center align-items-md-center align-items-center style-2086 style-local-3112-c2 position-relative\">\n    <!---->\n    <!---->\n    <div class=\"h-section-grid-container h-section-boxed-container\">\n      <!---->\n      <div data-colibri-id=\"3112-c18\" class=\"h-row-container gutters-row-lg-2 gutters-row-md-2 gutters-row-0 gutters-row-v-lg-2 gutters-row-v-md-2 gutters-row-v-2 style-2389 style-local-3112-c18 position-relative\">\n        <!---->\n        <div class=\"h-row justify-content-lg-center justify-content-md-center justify-content-center align-items-lg-stretch align-items-md-stretch align-items-stretch gutters-col-lg-2 gutters-col-md-2 gutters-col-0 gutters-col-v-lg-2 gutters-col-v-md-2 gutters-col-v-2\">\n          <!---->\n          <div class=\"h-column h-column-container d-flex h-col-lg-auto h-col-md-auto h-col-auto style-2391-outer style-local-3112-c20-outer\">\n            <div data-colibri-id=\"3112-c20\" class=\"d-flex h-flex-basis h-column__inner h-px-lg-2 h-px-md-2 h-px-2 v-inner-lg-2 v-inner-md-2 v-inner-2 style-2391 style-local-3112-c20 position-relative\">\n              <!---->\n              <!---->\n              <div class=\"w-100 h-y-container h-column__content h-column__v-align flex-basis-100 align-self-lg-start align-self-md-start align-self-start\">\n                <!---->\n                <div data-colibri-id=\"3112-c21\" class=\"h-text h-text-component style-2392 style-local-3112-c21 position-relative h-element\">\n                  <!---->\n                  <!---->\n                  <div class=\"\">\n                    <p><span style=\"font-weight: 600; font-size: 36px; font-family: &quot;Open Sans&quot;; color: rgb(37, 41, 42);\">FRANJA HOR\u00c0RIA EN LA QUAL S&#8217;HA COM\u00c8S LA SITUACI\u00d3 DE VIOL\u00c8NCIA 31\/03\/2024<\/span><\/p>\n                    <p>\n                      <br>\n                    <\/p>\n                  <\/div>\n                <\/div>\n              <\/div>\n            <\/div>\n          <\/div>\n        <\/div>\n      <\/div>\n      <div data-colibri-id=\"3112-c15\" class=\"h-row-container gutters-row-lg-2 gutters-row-md-2 gutters-row-0 gutters-row-v-lg-2 gutters-row-v-md-2 gutters-row-v-2 style-2386 style-local-3112-c15 position-relative\">\n        <!---->\n        <div class=\"h-row justify-content-lg-center justify-content-md-center justify-content-center align-items-lg-stretch align-items-md-stretch align-items-stretch gutters-col-lg-2 gutters-col-md-2 gutters-col-0 gutters-col-v-lg-2 gutters-col-v-md-2 gutters-col-v-2\">\n          <!---->\n          <div class=\"h-column h-column-container d-flex h-col-lg-auto h-col-md-auto h-col-auto style-2388-outer style-local-3112-c17-outer\">\n            <div data-colibri-id=\"3112-c17\" class=\"d-flex h-flex-basis h-column__inner h-px-lg-2 h-px-md-2 h-px-2 v-inner-lg-2 v-inner-md-2 v-inner-2 style-2388 style-local-3112-c17 position-relative\">\n              <!---->\n              <!---->\n              <div class=\"w-100 h-y-container h-column__content h-column__v-align flex-basis-100 align-self-lg-start align-self-md-start align-self-start\">\n                <!---->\n                <div data-colibri-id=\"3112-c22\" class=\"d-block style-2393 style-local-3112-c22 position-relative h-element\">\n                  <!---->\n                  <div class=\"h-image__frame-container-outer\">\n                    <div class=\"h-image__frame-container\">\n                      <!---->\n                      <!---->\n                      <img loading=\"lazy\" decoding=\"async\" width=\"787\" height=\"211\" src=\"https:\/\/ovm.baixemporda.cat\/wp-content\/uploads\/2024\/05\/franja-horaria.png\" class=\"wp-image-4574 style-2393-image style-local-3112-c22-image\" alt=\"\" srcset=\"https:\/\/ovm.baixemporda.cat\/wp-content\/uploads\/2024\/05\/franja-horaria.png 787w, https:\/\/ovm.baixemporda.cat\/wp-content\/uploads\/2024\/05\/franja-horaria-300x80.png 300w, https:\/\/ovm.baixemporda.cat\/wp-content\/uploads\/2024\/05\/franja-horaria-768x206.png 768w\" sizes=\"auto, (max-width: 787px) 100vw, 787px\" \/>\n                      <div class=\"h-image__frame h-hide-lg h-hide-md h-hide-sm style-2393-frameImage style-local-3112-c22-frameImage\"><\/div>\n                    <\/div>\n                  <\/div>\n                <\/div>\n              <\/div>\n            <\/div>\n          <\/div>\n        <\/div>\n      <\/div>\n      <div data-colibri-id=\"3112-c3\" class=\"h-row-container gutters-row-lg-2 gutters-row-md-2 gutters-row-0 gutters-row-v-lg-2 gutters-row-v-md-2 gutters-row-v-2 style-2104 style-local-3112-c3 position-relative\">\n        <!---->\n        <div class=\"h-row justify-content-lg-center justify-content-md-center justify-content-center align-items-lg-stretch align-items-md-stretch align-items-stretch gutters-col-lg-2 gutters-col-md-2 gutters-col-0 gutters-col-v-lg-2 gutters-col-v-md-2 gutters-col-v-2\">\n          <!---->\n          <div class=\"h-column h-column-container d-flex h-col-lg-auto h-col-md-auto h-col-auto style-2105-outer style-local-3112-c4-outer\">\n            <div data-colibri-id=\"3112-c4\" class=\"d-flex h-flex-basis h-column__inner h-px-lg-2 h-px-md-2 h-px-2 v-inner-lg-2 v-inner-md-2 v-inner-2 style-2105 style-local-3112-c4 position-relative\">\n              <!---->\n              <!---->\n              <div class=\"w-100 h-y-container h-column__content h-column__v-align flex-basis-100 align-self-lg-start align-self-md-start align-self-start\">\n                <!---->\n                <div data-colibri-id=\"3112-c5\" class=\"h-text h-text-component style-2107 style-local-3112-c5 position-relative h-element\">\n                  <!---->\n                  <!---->\n                  <div class=\"\">\n                    <p><span style=\"font-weight: 600; font-size: 36px; font-family: &quot;Open Sans&quot;; color: rgb(37, 41, 42);\">FRANJA HOR\u00c0RIA EN LA QUAL S&#8217;HA COM\u00c8S LA SITUACI\u00d3 DE VIOL\u00c8NCIA 30\/09\/2023<\/span><\/p>\n                  <\/div>\n                <\/div>\n              <\/div>\n            <\/div>\n          <\/div>\n        <\/div>\n      <\/div>\n      <div data-colibri-id=\"3112-c6\" class=\"h-row-container gutters-row-lg-2 gutters-row-md-2 gutters-row-0 gutters-row-v-lg-2 gutters-row-v-md-2 gutters-row-v-2 style-2101 style-local-3112-c6 position-relative\">\n        <!---->\n        <div class=\"h-row justify-content-lg-center justify-content-md-center justify-content-center align-items-lg-stretch align-items-md-stretch align-items-stretch gutters-col-lg-2 gutters-col-md-2 gutters-col-0 gutters-col-v-lg-2 gutters-col-v-md-2 gutters-col-v-2\">\n          <!---->\n          <div class=\"h-column h-column-container d-flex h-col-lg-auto h-col-md-auto h-col-auto style-2102-outer style-local-3112-c7-outer\">\n            <div data-colibri-id=\"3112-c7\" class=\"d-flex h-flex-basis h-column__inner h-px-lg-2 h-px-md-2 h-px-2 v-inner-lg-2 v-inner-md-2 v-inner-2 style-2102 style-local-3112-c7 position-relative\">\n              <!---->\n              <!---->\n              <div class=\"w-100 h-y-container h-column__content h-column__v-align flex-basis-100 align-self-lg-start align-self-md-start align-self-start\">\n                <!---->\n                <div data-colibri-id=\"3112-c8\" class=\"d-block style-2108 style-local-3112-c8 position-relative h-element\">\n                  <!---->\n                  <div class=\"h-image__frame-container-outer\">\n                    <div class=\"h-image__frame-container\">\n                      <!---->\n                      <!---->\n                      <img loading=\"lazy\" decoding=\"async\" width=\"923\" height=\"250\" src=\"https:\/\/ovm.baixemporda.cat\/wp-content\/uploads\/2023\/10\/HORARI.png\" class=\"wp-image-4252 style-2108-image style-local-3112-c8-image\" alt=\"\" srcset=\"https:\/\/ovm.baixemporda.cat\/wp-content\/uploads\/2023\/10\/HORARI.png 923w, https:\/\/ovm.baixemporda.cat\/wp-content\/uploads\/2023\/10\/HORARI-300x81.png 300w, https:\/\/ovm.baixemporda.cat\/wp-content\/uploads\/2023\/10\/HORARI-768x208.png 768w\" sizes=\"auto, (max-width: 923px) 100vw, 923px\" \/>\n                      <div class=\"h-image__frame h-hide-lg h-hide-md h-hide-sm style-2108-frameImage style-local-3112-c8-frameImage\"><\/div>\n                    <\/div>\n                  <\/div>\n                <\/div>\n              <\/div>\n            <\/div>\n          <\/div>\n        <\/div>\n      <\/div>\n      <div data-colibri-id=\"3112-c9\" class=\"h-row-container gutters-row-lg-2 gutters-row-md-2 gutters-row-0 gutters-row-v-lg-2 gutters-row-v-md-2 gutters-row-v-2 style-2097 style-local-3112-c9 position-relative\">\n        <!---->\n        <div class=\"h-row justify-content-lg-center justify-content-md-center justify-content-center align-items-lg-stretch align-items-md-stretch align-items-stretch gutters-col-lg-2 gutters-col-md-2 gutters-col-0 gutters-col-v-lg-2 gutters-col-v-md-2 gutters-col-v-2\">\n          <!---->\n          <div class=\"h-column h-column-container d-flex h-col-lg-auto h-col-md-auto h-col-auto style-2098-outer style-local-3112-c10-outer\">\n            <div data-colibri-id=\"3112-c10\" class=\"d-flex h-flex-basis h-column__inner h-px-lg-2 h-px-md-2 h-px-2 v-inner-lg-2 v-inner-md-2 v-inner-2 style-2098 style-local-3112-c10 position-relative\">\n              <!---->\n              <!---->\n              <div class=\"w-100 h-y-container h-column__content h-column__v-align flex-basis-100 align-self-lg-start align-self-md-start align-self-start\">\n                <!---->\n                <div data-colibri-id=\"3112-c11\" class=\"h-text h-text-component style-2100 style-local-3112-c11 position-relative h-element\">\n                  <!---->\n                  <!---->\n                  <div class=\"\">\n                    <p>FRANJA HOR\u00c0RIA EN LA QUAL S&#8217;HA COM\u00c8S LA SITUACI\u00d3 DE VIOL\u00c8NCIA 30\/04\/2023<\/p>\n                  <\/div>\n                <\/div>\n              <\/div>\n            <\/div>\n          <\/div>\n        <\/div>\n      <\/div>\n      <div data-colibri-id=\"3112-c12\" class=\"h-row-container gutters-row-lg-2 gutters-row-md-2 gutters-row-0 gutters-row-v-lg-2 gutters-row-v-md-2 gutters-row-v-2 style-2087 style-local-3112-c12 position-relative\">\n        <!---->\n        <div class=\"h-row justify-content-lg-center justify-content-md-center justify-content-center align-items-lg-stretch align-items-md-stretch align-items-stretch gutters-col-lg-2 gutters-col-md-2 gutters-col-0 gutters-col-v-lg-2 gutters-col-v-md-2 gutters-col-v-2\">\n          <!---->\n          <div class=\"h-column h-column-container d-flex h-col-lg-auto h-col-md-auto h-col-auto style-2088-outer style-local-3112-c13-outer\">\n            <div data-colibri-id=\"3112-c13\" class=\"d-flex h-flex-basis h-column__inner h-px-lg-2 h-px-md-2 h-px-2 v-inner-lg-2 v-inner-md-2 v-inner-2 style-2088 style-local-3112-c13 position-relative\">\n              <!---->\n              <!---->\n              <div class=\"w-100 h-y-container h-column__content h-column__v-align flex-basis-100 align-self-lg-start align-self-md-start align-self-start\">\n                <!---->\n                <div data-colibri-id=\"3112-c14\" class=\"style-2089 style-local-3112-c14 position-relative h-element\">\n                  <!---->\n                  <div>\n                    <div class=\"wp-block-image\">\n                    <figure class=\"aligncenter size-full is-resized\">\n                      <img loading=\"lazy\" decoding=\"async\" src=\"https:\/\/ovm.baixemporda.cat\/wp-content\/uploads\/2023\/05\/imatge.png\" alt=\"\" class=\"wp-image-3830\" width=\"705\" height=\"215\" srcset=\"https:\/\/ovm.baixemporda.cat\/wp-content\/uploads\/2023\/05\/imatge.png 567w, https:\/\/ovm.baixemporda.cat\/wp-content\/uploads\/2023\/05\/imatge-300x92.png 300w\" sizes=\"auto, (max-width: 705px) 100vw, 705px\" \/>\n                    <\/figure>\n                    <\/div>\n\n                    <h1>FRANJA HOR\u00c0RIA EN LA QUAL S&#8217;HA COM\u00c8S LA SITUACI\u00d3 DE VIOL\u00c8NCIA 31\/12\/2022<\/h1>\n\n                    \n                    <p><\/p>\n                    \n\n                    <div class=\"wp-block-image\">\n                    <figure class=\"aligncenter size-full is-resized\">\n                      <img loading=\"lazy\" decoding=\"async\" src=\"https:\/\/ovm.baixemporda.cat\/wp-content\/uploads\/2023\/03\/imatge-4.png\" alt=\"\" class=\"wp-image-3741\" width=\"738\" height=\"431\" srcset=\"https:\/\/ovm.baixemporda.cat\/wp-content\/uploads\/2023\/03\/imatge-4.png 567w, https:\/\/ovm.baixemporda.cat\/wp-content\/uploads\/2023\/03\/imatge-4-300x175.png 300w\" sizes=\"auto, (max-width: 738px) 100vw, 738px\" \/>\n                    <\/figure>\n                    <\/div>\n\n                    <h1 style=\"text-align: left;\">FRANJA HOR\u00c0RIA EN LA QUAL S&#8217;HA COM\u00c8S LA SITUACI\u00d3 DE VIOL\u00c8NCIA 30\/09\/2022<\/h1>\n\n                    \n                    <figure class=\"wp-block-image size-full\">\n                      <img loading=\"lazy\" decoding=\"async\" width=\"796\" height=\"289\" src=\"https:\/\/ovm.baixemporda.cat\/wp-content\/uploads\/2022\/10\/Franja-horaria-en-la-qual-sha-comes-la-situacio-de-violencia-1.jpg\" alt=\"\" class=\"wp-image-3113\" srcset=\"https:\/\/ovm.baixemporda.cat\/wp-content\/uploads\/2022\/10\/Franja-horaria-en-la-qual-sha-comes-la-situacio-de-violencia-1.jpg 796w, https:\/\/ovm.baixemporda.cat\/wp-content\/uploads\/2022\/10\/Franja-horaria-en-la-qual-sha-comes-la-situacio-de-violencia-1-300x109.jpg 300w, https:\/\/ovm.baixemporda.cat\/wp-content\/uploads\/2022\/10\/Franja-horaria-en-la-qual-sha-comes-la-situacio-de-violencia-1-768x279.jpg 768w\" sizes=\"auto, (max-width: 796px) 100vw, 796px\" \/>\n                    <\/figure>\n                    \n                  <\/div>\n                <\/div>\n              <\/div>\n            <\/div>\n          <\/div>\n        <\/div>\n      <\/div>\n    <\/div>\n  <\/div>\n<\/div>","protected":false},"excerpt":{"rendered":"<p>FRANJA HOR\u00c0RIA EN LA QUAL S&#8217;HA COM\u00c8S LA SITUACI\u00d3 DE VIOL\u00c8NCIA 31\/03\/2024 FRANJA HOR\u00c0RIA EN LA QUAL S&#8217;HA COM\u00c8S LA SITUACI\u00d3 DE VIOL\u00c8NCIA 30\/09\/2023 FRANJA HOR\u00c0RIA EN LA QUAL S&#8217;HA COM\u00c8S LA SITUACI\u00d3 DE VIOL\u00c8NCIA 30\/04\/2023 FRANJA HOR\u00c0RIA EN LA QUAL S&#8217;HA COM\u00c8S LA SITUACI\u00d3 DE VIOL\u00c8NCIA 31\/12\/2022 FRANJA HOR\u00c0RIA EN LA QUAL S&#8217;HA COM\u00c8S [&hellip;]<\/p>\n","protected":false},"author":2,"featured_media":0,"parent":0,"menu_order":0,"comment_status":"closed","ping_status":"closed","template":"page-templates\/full-width-page.php","meta":{"footnotes":""},"class_list":["post-3112","page","type-page","status-publish","hentry"],"_links":{"self":[{"href":"https:\/\/ovm.baixemporda.cat\/index.php\/wp-json\/wp\/v2\/pages\/3112","targetHints":{"allow":["GET"]}}],"collection":[{"href":"https:\/\/ovm.baixemporda.cat\/index.php\/wp-json\/wp\/v2\/pages"}],"about":[{"href":"https:\/\/ovm.baixemporda.cat\/index.php\/wp-json\/wp\/v2\/types\/page"}],"author":[{"embeddable":true,"href":"https:\/\/ovm.baixemporda.cat\/index.php\/wp-json\/wp\/v2\/users\/2"}],"replies":[{"embeddable":true,"href":"https:\/\/ovm.baixemporda.cat\/index.php\/wp-json\/wp\/v2\/comments?post=3112"}],"version-history":[{"count":8,"href":"https:\/\/ovm.baixemporda.cat\/index.php\/wp-json\/wp\/v2\/pages\/3112\/revisions"}],"predecessor-version":[{"id":4576,"href":"https:\/\/ovm.baixemporda.cat\/index.php\/wp-json\/wp\/v2\/pages\/3112\/revisions\/4576"}],"wp:attachment":[{"href":"https:\/\/ovm.baixemporda.cat\/index.php\/wp-json\/wp\/v2\/media?parent=3112"}],"curies":[{"name":"wp","href":"https:\/\/api.w.org\/{rel}","templated":true}]}}