{"id":313,"date":"2022-03-27T19:26:17","date_gmt":"2022-03-27T17:26:17","guid":{"rendered":"https:\/\/ovm.baixemporda.cat\/?page_id=313"},"modified":"2022-03-27T19:26:17","modified_gmt":"2022-03-27T17:26:17","slug":"marxa-contra-la-violencia-masclista","status":"publish","type":"page","link":"https:\/\/ovm.baixemporda.cat\/index.php\/marxa-contra-la-violencia-masclista\/","title":{"rendered":"Marxa contra la viol\u00e8ncia masclista"},"content":{"rendered":"\n<p>Cada any s&#8217;organitza una marxa anual de dones per acabar amb la viol\u00e8ncia contra les dones i les nenes.<\/p>\n\n\n\n<p>\u00c9s una oportunitat per &#8220;posar els peus al carrer&#8221; per a les dones i per exigir just\u00edcia per a tots els superviventes de la viol\u00e8ncia i unir-nos a milers d&#8217;altres d&#8217;arreu del pa\u00eds per demanar l&#8217;acabament de la viol\u00e8ncia masclista contra les dones en totes les seves formes. <\/p>\n\n\n\n<p>Marxa per les teves amigues, parelles, germanes, filles, mares, companyes, \u00e0vies, nebodes\u2026 marxa per tu mateixa. Crida un NO a la violaci\u00f3 i la viol\u00e8ncia masclista: per a totes aquelles dones i nenes per a les quals no n&#8217;hi havia prou amb el &#8220;no&#8221;; per a tots aquellas que no poden ser aqu\u00ed i les seves vides han acabat com a conseq\u00fc\u00e8ncia dels abusos i la viol\u00e8ncia.<\/p>\n","protected":false},"excerpt":{"rendered":"<p>Cada any s&#8217;organitza una marxa anual de dones per acabar amb la viol\u00e8ncia contra les dones i les nenes. \u00c9s una oportunitat per &#8220;posar els peus al carrer&#8221; per a les dones i per exigir just\u00edcia per a tots els superviventes de la viol\u00e8ncia i unir-nos a milers d&#8217;altres d&#8217;arreu del pa\u00eds per demanar l&#8217;acabament [&hellip;]<\/p>\n","protected":false},"author":2,"featured_media":0,"parent":0,"menu_order":0,"comment_status":"closed","ping_status":"closed","template":"","meta":{"footnotes":""},"class_list":["post-313","page","type-page","status-publish","hentry"],"_links":{"self":[{"href":"https:\/\/ovm.baixemporda.cat\/index.php\/wp-json\/wp\/v2\/pages\/313","targetHints":{"allow":["GET"]}}],"collection":[{"href":"https:\/\/ovm.baixemporda.cat\/index.php\/wp-json\/wp\/v2\/pages"}],"about":[{"href":"https:\/\/ovm.baixemporda.cat\/index.php\/wp-json\/wp\/v2\/types\/page"}],"author":[{"embeddable":true,"href":"https:\/\/ovm.baixemporda.cat\/index.php\/wp-json\/wp\/v2\/users\/2"}],"replies":[{"embeddable":true,"href":"https:\/\/ovm.baixemporda.cat\/index.php\/wp-json\/wp\/v2\/comments?post=313"}],"version-history":[{"count":1,"href":"https:\/\/ovm.baixemporda.cat\/index.php\/wp-json\/wp\/v2\/pages\/313\/revisions"}],"predecessor-version":[{"id":316,"href":"https:\/\/ovm.baixemporda.cat\/index.php\/wp-json\/wp\/v2\/pages\/313\/revisions\/316"}],"wp:attachment":[{"href":"https:\/\/ovm.baixemporda.cat\/index.php\/wp-json\/wp\/v2\/media?parent=313"}],"curies":[{"name":"wp","href":"https:\/\/api.w.org\/{rel}","templated":true}]}}