{"id":321,"date":"2022-03-27T19:34:50","date_gmt":"2022-03-27T17:34:50","guid":{"rendered":"https:\/\/ovm.baixemporda.cat\/?page_id=321"},"modified":"2023-10-31T12:20:06","modified_gmt":"2023-10-31T10:20:06","slug":"dades-estadistiques","status":"publish","type":"page","link":"https:\/\/ovm.baixemporda.cat\/index.php\/dades-estadistiques\/","title":{"rendered":"Dades estad\u00edstiques"},"content":{"rendered":"<div data-colibri-id=\"321-c1\" class=\"style-1579 style-local-321-c1 position-relative\">\n  <!---->\n  <div data-colibri-component=\"section\" data-colibri-id=\"321-c2\" id=\"overlappable-2\" class=\"h-section h-section-global-spacing d-flex align-items-lg-center align-items-md-center align-items-center style-1592 style-local-321-c2 position-relative\">\n    <!---->\n    <!---->\n    <div class=\"h-section-grid-container h-section-boxed-container\">\n      <!---->\n      <div data-colibri-id=\"321-c3\" class=\"h-row-container gutters-row-lg-2 gutters-row-md-2 gutters-row-0 gutters-row-v-lg-2 gutters-row-v-md-2 gutters-row-v-2 style-1807 style-local-321-c3 position-relative\">\n        <!---->\n        <div class=\"h-row justify-content-lg-center justify-content-md-center justify-content-center align-items-lg-stretch align-items-md-stretch align-items-stretch gutters-col-lg-2 gutters-col-md-2 gutters-col-0 gutters-col-v-lg-2 gutters-col-v-md-2 gutters-col-v-2\">\n          <!---->\n          <div class=\"h-column h-column-container d-flex h-col-lg-auto h-col-md-auto h-col-auto style-1808-outer style-local-321-c4-outer\">\n            <div data-colibri-id=\"321-c4\" class=\"d-flex h-flex-basis h-column__inner h-ui-empty-state-container h-px-lg-2 h-px-md-2 h-px-2 v-inner-lg-2 v-inner-md-2 v-inner-2 style-1808 style-local-321-c4 position-relative\">\n              <!---->\n              <!---->\n              <div class=\"w-100 h-y-container h-column__content h-column__v-align flex-basis-100\">\n                <!---->\n              <\/div>\n            <\/div>\n          <\/div>\n        <\/div>\n      <\/div>\n      <div data-colibri-id=\"321-c5\" class=\"h-row-container gutters-row-lg-2 gutters-row-md-2 gutters-row-0 gutters-row-v-lg-2 gutters-row-v-md-2 gutters-row-v-2 style-1810 style-local-321-c5 position-relative\">\n        <!---->\n        <div class=\"h-row justify-content-lg-center justify-content-md-center justify-content-center align-items-lg-stretch align-items-md-stretch align-items-stretch gutters-col-lg-2 gutters-col-md-2 gutters-col-0 gutters-col-v-lg-2 gutters-col-v-md-2 gutters-col-v-2\">\n          <!---->\n          <div class=\"h-column h-column-container d-flex h-col-lg-auto h-col-md-auto h-col-auto style-1811-outer style-local-321-c6-outer\">\n            <div data-colibri-id=\"321-c6\" class=\"d-flex h-flex-basis h-column__inner h-ui-empty-state-container h-px-lg-2 h-px-md-2 h-px-2 v-inner-lg-2 v-inner-md-2 v-inner-2 style-1811 style-local-321-c6 position-relative\">\n              <!---->\n              <!---->\n              <div class=\"w-100 h-y-container h-column__content h-column__v-align flex-basis-100\">\n                <!---->\n              <\/div>\n            <\/div>\n          <\/div>\n        <\/div>\n      <\/div>\n      <div data-colibri-id=\"321-c7\" class=\"h-row-container gutters-row-lg-0 gutters-row-md-0 gutters-row-2 gutters-row-v-lg-0 gutters-row-v-md-0 gutters-row-v-2 style-1593 style-local-321-c7 position-relative\">\n        <!---->\n        <div class=\"h-row justify-content-lg-center justify-content-md-center justify-content-center align-items-lg-stretch align-items-md-stretch align-items-stretch gutters-col-lg-0 gutters-col-md-0 gutters-col-2 gutters-col-v-lg-0 gutters-col-v-md-0 gutters-col-v-2\">\n          <!---->\n          <div class=\"h-column h-column-container d-flex h-col-lg-3 h-col-md-3 h-col-12 style-1594-outer style-local-321-c8-outer\">\n            <div data-colibri-id=\"321-c8\" class=\"d-flex h-flex-basis h-column__inner h-px-lg-3 h-px-md-3 h-px-2 v-inner-lg-3 v-inner-md-3 v-inner-2 style-1594 style-local-321-c8 position-relative\">\n              <!---->\n              <!---->\n              <div class=\"w-100 h-y-container h-column__content h-column__v-align flex-basis-100 align-self-lg-center align-self-md-center align-self-center\">\n                <!---->\n                <div data-colibri-id=\"321-c9\" class=\"h-icon style-1595 style-local-321-c9 position-relative h-element\">\n                  <!----><span class=\"h-svg-icon h-icon__icon style-1595-icon style-local-321-c9-icon\"><!--Icon by Icons8 Line Awesome (https:\/\/icons8.com\/line-awesome)--><svg version=\"1.1\" xmlns=\"http:\/\/www.w3.org\/2000\/svg\" xmlns:xlink=\"http:\/\/www.w3.org\/1999\/xlink\" id=\"bar-chart\" viewBox=\"0 0 512 545.5\"><path d=\"M336 96h128v384H336V96zm32 32v320h64V128h-64zM48 192h128v288H48V192zm32 32v224h64V224H80zm112 64h128v192H192V288zm32 32v128h64V320h-64z\"><\/path><\/svg><\/span><\/div>\n                <div\n                  data-colibri-id=\"321-c10\" class=\"h-global-transition-all h-heading style-1596 style-local-321-c10 position-relative h-element\">\n                  <!---->\n                  <div class=\"h-heading__outer style-1596 style-local-321-c10\">\n                    <!---->\n                    <!---->\n                    <h5 class=\"\">dades estad\u00edstiques del baix empord\u00e0<\/h5>\n                  <\/div>\n              <\/div>\n              <div data-colibri-id=\"321-c11\" class=\"h-x-container style-1598 style-local-321-c11 position-relative h-element\">\n                <!---->\n                <div class=\"h-x-container-inner style-dynamic-321-c11-group style-1598-spacing style-local-321-c11-spacing\"><span class=\"h-link__outer style-1599-outer style-local-321-c12-outer d-inline-flex h-element\"><a h-use-smooth-scroll=\"true\" href=\"https:\/\/ovm.baixemporda.cat\/index.php\/dades-estadistiques-del-baix-emporda\/\"  data-colibri-id=\"321-c12\" class=\"d-flex w-100 align-items-center h-link style-1599 style-local-321-c12 position-relative\"><!----><!----> <span>clica aqui<\/span>                  <span class=\"h-svg-icon h-link__icon style-1599-icon style-local-321-c12-icon\"><!--Icon by Icons8 Line Awesome (https:\/\/icons8.com\/line-awesome)--><svg version=\"1.1\" xmlns=\"http:\/\/www.w3.org\/2000\/svg\" xmlns:xlink=\"http:\/\/www.w3.org\/1999\/xlink\" id=\"angle-double-right\" viewBox=\"0 0 512 545.5\"><path d=\"M145.5 108.5l168 168L325 288l-11.5 11.5-168 168-22.5-23L279.5 288 123 131.5zm112 0l168 168L437 288l-11.5 11.5-168 168-22.5-23L391.5 288 235 131.5z\"><\/path><\/svg><\/span><\/a>\n                  <\/span>\n                <\/div>\n              <\/div>\n            <\/div>\n          <\/div>\n        <\/div>\n        <div class=\"h-column h-column-container d-flex h-col-lg-3 h-col-md-3 h-col-12 style-1594-outer style-local-321-c13-outer\">\n          <div data-colibri-id=\"321-c13\" class=\"d-flex h-flex-basis h-column__inner h-px-lg-3 h-px-md-3 h-px-2 v-inner-lg-3 v-inner-md-3 v-inner-2 style-1594 style-local-321-c13 position-relative\">\n            <!---->\n            <!---->\n            <div class=\"w-100 h-y-container h-column__content h-column__v-align flex-basis-100 align-self-lg-center align-self-md-center align-self-center\">\n              <!---->\n              <div data-colibri-id=\"321-c14\" class=\"h-icon style-1595 style-local-321-c14 position-relative h-element\">\n                <!----><span class=\"h-svg-icon h-icon__icon style-1595-icon style-local-321-c14-icon\"><!--Icon by Icons8 Line Awesome (https:\/\/icons8.com\/line-awesome)--><svg version=\"1.1\" xmlns=\"http:\/\/www.w3.org\/2000\/svg\" xmlns:xlink=\"http:\/\/www.w3.org\/1999\/xlink\" id=\"bank\" viewBox=\"0 0 512 545.5\"><path d=\"M256 94.5l6 2.5 192 80 10 4.5V224h-32v176h32v80H48v-80h32V224H48v-42.5l10-4.5 192-80zm0 35L106 192h300zM112 224v176h32V224h-32zm64 0v176h32V224h-32zm64 0v176h32V224h-32zm64 0v176h32V224h-32zm64 0v176h32V224h-32zM80 432v16h352v-16H80z\"><\/path><\/svg><\/span><\/div>\n              <div\n                data-colibri-id=\"321-c15\" class=\"h-global-transition-all h-heading style-1596 style-local-321-c15 position-relative h-element\">\n                <!---->\n                <div class=\"h-heading__outer style-1596 style-local-321-c15\">\n                  <!---->\n                  <!---->\n                  <h5 class=\"\">observatori catal\u00e0 de la just\u00edcia en viol\u00e8ncia masclista<\/h5>\n                <\/div>\n            <\/div>\n            <div data-colibri-id=\"321-c16\" class=\"h-x-container style-1598 style-local-321-c16 position-relative h-element\">\n              <!---->\n              <div class=\"h-x-container-inner style-dynamic-321-c16-group style-1598-spacing style-local-321-c16-spacing\"><span class=\"h-link__outer style-1599-outer style-local-321-c17-outer d-inline-flex h-element\"><a h-use-smooth-scroll=\"true\" href=\"https:\/\/cejfe.gencat.cat\/ca\/observatori\/\"  data-colibri-id=\"321-c17\" class=\"d-flex w-100 align-items-center h-link style-1599 style-local-321-c17 position-relative\"><!----><!----> <span>clica aqui<\/span>                <span class=\"h-svg-icon h-link__icon style-1599-icon style-local-321-c17-icon\"><!--Icon by Icons8 Line Awesome (https:\/\/icons8.com\/line-awesome)--><svg version=\"1.1\" xmlns=\"http:\/\/www.w3.org\/2000\/svg\" xmlns:xlink=\"http:\/\/www.w3.org\/1999\/xlink\" id=\"angle-double-right\" viewBox=\"0 0 512 545.5\"><path d=\"M145.5 108.5l168 168L325 288l-11.5 11.5-168 168-22.5-23L279.5 288 123 131.5zm112 0l168 168L437 288l-11.5 11.5-168 168-22.5-23L391.5 288 235 131.5z\"><\/path><\/svg><\/span><\/a>\n                <\/span>\n              <\/div>\n            <\/div>\n          <\/div>\n        <\/div>\n      <\/div>\n      <div class=\"h-column h-column-container d-flex h-col-lg-3 h-col-md-3 h-col-12 style-1787-outer style-local-321-c18-outer\">\n        <div data-colibri-id=\"321-c18\" class=\"d-flex h-flex-basis h-column__inner h-px-lg-2 h-px-md-2 h-px-2 v-inner-lg-2 v-inner-md-2 v-inner-2 style-1787 style-local-321-c18 position-relative\">\n          <!---->\n          <!---->\n          <div class=\"w-100 h-y-container h-column__content h-column__v-align flex-basis-100 align-self-lg-center align-self-md-center align-self-center\">\n            <!---->\n            <div data-colibri-id=\"321-c19\" class=\"h-icon style-1795 style-local-321-c19 position-relative h-element\">\n              <!----><span class=\"h-svg-icon h-icon__icon style-1795-icon style-local-321-c19-icon\"><!--Icon by Font Awesome (https:\/\/fontawesome.com)-->\n    <svg version=\"1.1\" xmlns=\"http:\/\/www.w3.org\/2000\/svg\" xmlns:xlink=\"http:\/\/www.w3.org\/1999\/xlink\" id=\"search\" viewBox=\"0 0 1672.2646 1896.0833\">\n      <path d=\"M1152 832q0-185-131.5-316.5T704 384 387.5 515.5 256 832t131.5 316.5T704 1280t316.5-131.5T1152 832zm512 832q0 52-38 90t-90 38q-54 0-90-38l-343-342q-179 124-399 124-143 0-273.5-55.5t-225-150-150-225T0 832t55.5-273.5 150-225 225-150T704 128t273.5 55.5 225 150 150 225T1408 832q0 220-124 399l343 343q37 37 37 90z\"><\/path>\n    <\/svg><\/span><\/div>\n            <div data-colibri-id=\"321-c20\" class=\"h-text h-text-component style-1789 style-local-321-c20 position-relative h-element\">\n              <!---->\n              <!---->\n              <div class=\"\">\n                <p>OBSERVATORI DE LA IGUALTAT DE G\u00c8NERE (OIG) gencat<\/p>\n              <\/div>\n            <\/div>\n            <div data-colibri-id=\"321-c21\" class=\"h-x-container style-1796 style-local-321-c21 position-relative h-element\">\n              <!---->\n              <div class=\"h-x-container-inner style-dynamic-321-c21-group style-1796-spacing style-local-321-c21-spacing\"><span class=\"h-link__outer style-1797-outer style-local-321-c22-outer d-inline-flex h-element\"><a h-use-smooth-scroll=\"true\" href=\"https:\/\/dones.gencat.cat\/ca\/ambits\/Observatori-de-la-Igualtat-de-Genere\/\"  data-colibri-id=\"321-c22\" class=\"d-flex w-100 align-items-center h-link style-1797 style-local-321-c22 position-relative\"><!----><!----> <span>clica aqui<\/span><\/a>\n                <\/span>\n              <\/div>\n            <\/div>\n          <\/div>\n        <\/div>\n      <\/div>\n      <div class=\"h-column h-column-container d-flex h-col-lg-3 h-col-md-3 h-col-12 style-1594-outer style-local-321-c23-outer\">\n        <div data-colibri-id=\"321-c23\" class=\"d-flex h-flex-basis h-column__inner h-px-lg-3 h-px-md-3 h-px-2 v-inner-lg-3 v-inner-md-3 v-inner-2 style-1594 style-local-321-c23 position-relative\">\n          <!---->\n          <!---->\n          <div class=\"w-100 h-y-container h-column__content h-column__v-align flex-basis-100 align-self-lg-center align-self-md-center align-self-center\">\n            <!---->\n            <div data-colibri-id=\"321-c24\" class=\"h-icon style-1595 style-local-321-c24 position-relative h-element\">\n              <!----><span class=\"h-svg-icon h-icon__icon style-1595-icon style-local-321-c24-icon\"><!--Icon by Icons8 Line Awesome (https:\/\/icons8.com\/line-awesome)--><svg version=\"1.1\" xmlns=\"http:\/\/www.w3.org\/2000\/svg\" xmlns:xlink=\"http:\/\/www.w3.org\/1999\/xlink\" id=\"area-chart\" viewBox=\"0 0 512 545.5\"><path d=\"M448 97v383H64V204.5l19 4 73 14.5 91-60.5 5.5-3.5 6 1 89.5 15 74-58zm-32 65.5l-54 42-5.5 4.5-7-1-90-15-90.5 60.5-5.5 3.5-6.5-1.5-61-12V309l62 25 89-59.5 6.5-4 7.5 2.5 87.5 29 67.5-53.5v-86zm0 127l-54 43-7 5.5-8-3-88-29.5-90 60-7 4.5-8-3-58-23v104h320V289.5z\"><\/path><\/svg><\/span><\/div>\n            <div\n              data-colibri-id=\"321-c25\" class=\"h-global-transition-all h-heading style-1596 style-local-321-c25 position-relative h-element\">\n              <!---->\n              <div class=\"h-heading__outer style-1596 style-local-321-c25\">\n                <!---->\n                <!---->\n                <h5 class=\"\">estad\u00edstica de serveis socials d&#8217;atenci\u00f3 a dones i els seus fills i filles en situaci\u00f3 de viol\u00e8ncia masclista segons idescat<\/h5>\n              <\/div>\n          <\/div>\n          <div data-colibri-id=\"321-c26\" class=\"h-x-container style-1598 style-local-321-c26 position-relative h-element\">\n            <!---->\n            <div class=\"h-x-container-inner style-dynamic-321-c26-group style-1598-spacing style-local-321-c26-spacing\"><span class=\"h-link__outer style-1599-outer style-local-321-c27-outer d-inline-flex h-element\"><a h-use-smooth-scroll=\"true\" href=\"https:\/\/www.idescat.cat\/pec\/2017-2020\/?id=050219&amp;paae=2021\"  data-colibri-id=\"321-c27\" class=\"d-flex w-100 align-items-center h-link style-1599 style-local-321-c27 position-relative\"><!----><!----> <span>clica aqui<\/span>              <span class=\"h-svg-icon h-link__icon style-1599-icon style-local-321-c27-icon\"><!--Icon by Icons8 Line Awesome (https:\/\/icons8.com\/line-awesome)--><svg version=\"1.1\" xmlns=\"http:\/\/www.w3.org\/2000\/svg\" xmlns:xlink=\"http:\/\/www.w3.org\/1999\/xlink\" id=\"angle-double-right\" viewBox=\"0 0 512 545.5\"><path d=\"M145.5 108.5l168 168L325 288l-11.5 11.5-168 168-22.5-23L279.5 288 123 131.5zm112 0l168 168L437 288l-11.5 11.5-168 168-22.5-23L391.5 288 235 131.5z\"><\/path><\/svg><\/span><\/a>\n              <\/span>\n            <\/div>\n          <\/div>\n        <\/div>\n      <\/div>\n    <\/div>\n    <div class=\"h-column h-column-container d-flex h-col-lg-3 h-col-md-3 h-col-12 style-1809-outer style-local-321-c28-outer\">\n      <div data-colibri-id=\"321-c28\" class=\"d-flex h-flex-basis h-column__inner h-ui-empty-state-container h-px-lg-2 h-px-md-2 h-px-2 v-inner-lg-2 v-inner-md-2 v-inner-2 style-1809 style-local-321-c28 position-relative\">\n        <!---->\n        <!---->\n        <div class=\"w-100 h-y-container h-column__content h-column__v-align flex-basis-100\">\n          <!---->\n        <\/div>\n      <\/div>\n    <\/div>\n  <\/div>\n<\/div>\n<\/div>\n<\/div>\n<div data-colibri-component=\"section\" data-colibri-id=\"321-c29\" id=\"overlappable\" class=\"h-section h-section-global-spacing d-flex align-items-lg-center align-items-md-center align-items-center style-1584 style-local-321-c29 position-relative\">\n  <!---->\n  <!---->\n  <div class=\"h-section-grid-container h-section-boxed-container\">\n    <!---->\n    <div data-colibri-id=\"321-c30\" class=\"h-row-container gutters-row-lg-0 gutters-row-md-0 gutters-row-2 gutters-row-v-lg-0 gutters-row-v-md-0 gutters-row-v-2 style-1585 style-local-321-c30 position-relative\">\n      <!---->\n      <div class=\"h-row justify-content-lg-center justify-content-md-center justify-content-center align-items-lg-stretch align-items-md-stretch align-items-stretch gutters-col-lg-0 gutters-col-md-0 gutters-col-2 gutters-col-v-lg-0 gutters-col-v-md-0 gutters-col-v-2\">\n        <!---->\n        <div class=\"h-column h-column-container d-flex h-col-lg-4 h-col-md-4 h-col-12 style-1586-outer style-local-321-c31-outer\">\n          <div data-colibri-id=\"321-c31\" class=\"d-flex h-flex-basis h-column__inner h-px-lg-3 h-px-md-3 h-px-2 v-inner-lg-3 v-inner-md-3 v-inner-2 style-1586 style-local-321-c31 position-relative\">\n            <!---->\n            <!---->\n            <div class=\"w-100 h-y-container h-column__content h-column__v-align flex-basis-100 align-self-lg-start align-self-md-start align-self-start\">\n              <!---->\n              <div data-colibri-id=\"321-c32\" class=\"h-icon style-1587 style-local-321-c32 position-relative h-element\">\n                <!----><span class=\"h-svg-icon h-icon__icon style-1587-icon style-local-321-c32-icon\"><!--Icon by Icons8 Line Awesome (https:\/\/icons8.com\/line-awesome)--><svg version=\"1.1\" xmlns=\"http:\/\/www.w3.org\/2000\/svg\" xmlns:xlink=\"http:\/\/www.w3.org\/1999\/xlink\" id=\"paper-plane\" viewBox=\"0 0 512 545.5\"><path d=\"M57.5 117.5L86 129l352 144 36.5 15-36.5 15L86 447l-28.5 11.5 7-30 31-140.5-31-140.5zm44.5 53L124.5 272h226zM124.5 304L102 405.5 350.5 304h-226z\"><\/path><\/svg><\/span><\/div>\n              <div\n                data-colibri-id=\"321-c33\" class=\"h-global-transition-all h-heading style-1588 style-local-321-c33 position-relative h-element\">\n                <!---->\n                <div class=\"h-heading__outer style-1588 style-local-321-c33\">\n                  <!---->\n                  <!---->\n                  <h5 class=\"\">dades recollides per mossos d&#8217;esquadra<\/h5>\n                <\/div>\n            <\/div>\n            <div data-colibri-id=\"321-c34\" class=\"h-x-container style-1590 style-local-321-c34 position-relative h-element\">\n              <!---->\n              <div class=\"h-x-container-inner style-dynamic-321-c34-group style-1590-spacing style-local-321-c34-spacing\"><span class=\"h-link__outer style-1591-outer style-local-321-c35-outer d-inline-flex h-element\"><a h-use-smooth-scroll=\"true\" href=\"https:\/\/interior.gencat.cat\/ca\/arees_dactuacio\/seguretat\/violencia_masclista\/estadistica-sobre-violencia-masclista-domestica\/\"  data-colibri-id=\"321-c35\" class=\"d-flex w-100 align-items-center h-link style-1591 style-local-321-c35 position-relative\"><!----><!----> <span>clica aqu\u00ed<\/span>                <span class=\"h-svg-icon h-link__icon style-1591-icon style-local-321-c35-icon\"><!--Icon by Icons8 Line Awesome (https:\/\/icons8.com\/line-awesome)--><svg version=\"1.1\" xmlns=\"http:\/\/www.w3.org\/2000\/svg\" xmlns:xlink=\"http:\/\/www.w3.org\/1999\/xlink\" id=\"angle-double-right\" viewBox=\"0 0 512 545.5\"><path d=\"M145.5 108.5l168 168L325 288l-11.5 11.5-168 168-22.5-23L279.5 288 123 131.5zm112 0l168 168L437 288l-11.5 11.5-168 168-22.5-23L391.5 288 235 131.5z\"><\/path><\/svg><\/span><\/a>\n                <\/span>\n              <\/div>\n            <\/div>\n          <\/div>\n        <\/div>\n      <\/div>\n      <div class=\"h-column h-column-container d-flex h-col-lg-4 h-col-md-4 h-col-12 style-1586-outer style-local-321-c36-outer\">\n        <div data-colibri-id=\"321-c36\" class=\"d-flex h-flex-basis h-column__inner h-px-lg-3 h-px-md-3 h-px-2 v-inner-lg-3 v-inner-md-3 v-inner-2 style-1586 style-local-321-c36 position-relative\">\n          <!---->\n          <!---->\n          <div class=\"w-100 h-y-container h-column__content h-column__v-align flex-basis-100 align-self-lg-start align-self-md-start align-self-start\">\n            <!---->\n            <div data-colibri-id=\"321-c37\" class=\"h-icon style-1587 style-local-321-c37 position-relative h-element\">\n              <!----><span class=\"h-svg-icon h-icon__icon style-1587-icon style-local-321-c37-icon\"><!--Icon by Icons8 Line Awesome (https:\/\/icons8.com\/line-awesome)--><svg version=\"1.1\" xmlns=\"http:\/\/www.w3.org\/2000\/svg\" xmlns:xlink=\"http:\/\/www.w3.org\/1999\/xlink\" id=\"cubes\" viewBox=\"0 0 512 545.5\"><path d=\"M256 96l6 2.5 96 38.5 10 4v107.5l86.5 37.5 9.5 4.5v129l-8 5-96 53.5-7.5 4-7.5-3.5-89-44.5-89 44.5-7.5 3.5-7.5-4-96-53.5-8-5v-129l9.5-4.5 86.5-37.5V141l10-4 96-38.5zm0 35l-52.5 20.5L256 172l52.5-20.5zm-80 44v74l64 28.5v-78zm160 0l-64 24.5v78l64-28.5v-74zM160 277l-58 25 58 29 58-28.5zm192 0l-40 17.5-18 8 58 28.5 58-29zM80 326.5V401l64 36v-78.5zm352 0l-64 32V437l64-36v-74.5zm-192 1l-64 31V438l64-32v-78.5zm32 0V406l64 32v-79.5z\"><\/path><\/svg><\/span><\/div>\n            <div\n              data-colibri-id=\"321-c38\" class=\"h-global-transition-all h-heading style-1588 style-local-321-c38 position-relative h-element\">\n              <!---->\n              <div class=\"h-heading__outer style-1588 style-local-321-c38\">\n                <!---->\n                <!---->\n                <h5 class=\"\">estad\u00edstica de viol\u00e8ncia dom\u00e8stica i masclista segons ine<\/h5>\n              <\/div>\n          <\/div>\n          <div data-colibri-id=\"321-c39\" class=\"h-x-container style-1590 style-local-321-c39 position-relative h-element\">\n            <!---->\n            <div class=\"h-x-container-inner style-dynamic-321-c39-group style-1590-spacing style-local-321-c39-spacing\"><span class=\"h-link__outer style-1591-outer style-local-321-c40-outer d-inline-flex h-element\"><a h-use-smooth-scroll=\"true\" href=\"https:\/\/www.ine.es\/dyngs\/INEbase\/es\/operacion.htm?c=Estadistica_C&amp;cid=1254736176866&amp;menu=ultiDatos&amp;idp=1254735573206\"  data-colibri-id=\"321-c40\" class=\"d-flex w-100 align-items-center h-link style-1591 style-local-321-c40 position-relative\"><!----><!----> <span>clica aqu\u00ed<\/span>              <span class=\"h-svg-icon h-link__icon style-1591-icon style-local-321-c40-icon\"><!--Icon by Icons8 Line Awesome (https:\/\/icons8.com\/line-awesome)--><svg version=\"1.1\" xmlns=\"http:\/\/www.w3.org\/2000\/svg\" xmlns:xlink=\"http:\/\/www.w3.org\/1999\/xlink\" id=\"angle-double-right\" viewBox=\"0 0 512 545.5\"><path d=\"M145.5 108.5l168 168L325 288l-11.5 11.5-168 168-22.5-23L279.5 288 123 131.5zm112 0l168 168L437 288l-11.5 11.5-168 168-22.5-23L391.5 288 235 131.5z\"><\/path><\/svg><\/span><\/a>\n              <\/span>\n            <\/div>\n          <\/div>\n        <\/div>\n      <\/div>\n    <\/div>\n    <div class=\"h-column h-column-container d-flex h-col-lg-4 h-col-md-4 h-col-12 style-1586-outer style-local-321-c41-outer\">\n      <div data-colibri-id=\"321-c41\" class=\"d-flex h-flex-basis h-column__inner h-px-lg-3 h-px-md-3 h-px-2 v-inner-lg-3 v-inner-md-3 v-inner-2 style-1586 style-local-321-c41 position-relative\">\n        <!---->\n        <!---->\n        <div class=\"w-100 h-y-container h-column__content h-column__v-align flex-basis-100 align-self-lg-start align-self-md-start align-self-start\">\n          <!---->\n          <div data-colibri-id=\"321-c42\" class=\"h-icon style-1587 style-local-321-c42 position-relative h-element\">\n            <!----><span class=\"h-svg-icon h-icon__icon style-1587-icon style-local-321-c42-icon\"><!--Icon by Icons8 Line Awesome (https:\/\/icons8.com\/line-awesome)--><svg version=\"1.1\" xmlns=\"http:\/\/www.w3.org\/2000\/svg\" xmlns:xlink=\"http:\/\/www.w3.org\/1999\/xlink\" id=\"area-chart\" viewBox=\"0 0 512 545.5\"><path d=\"M448 97v383H64V204.5l19 4 73 14.5 91-60.5 5.5-3.5 6 1 89.5 15 74-58zm-32 65.5l-54 42-5.5 4.5-7-1-90-15-90.5 60.5-5.5 3.5-6.5-1.5-61-12V309l62 25 89-59.5 6.5-4 7.5 2.5 87.5 29 67.5-53.5v-86zm0 127l-54 43-7 5.5-8-3-88-29.5-90 60-7 4.5-8-3-58-23v104h320V289.5z\"><\/path><\/svg><\/span><\/div>\n          <div\n            data-colibri-id=\"321-c43\" class=\"h-global-transition-all h-heading style-1588 style-local-321-c43 position-relative h-element\">\n            <!---->\n            <div class=\"h-heading__outer style-1588 style-local-321-c43\">\n              <!---->\n              <!---->\n              <h5 class=\"\">portal estad\u00edstic de la delegaci\u00f3 de govern contra la viol\u00e8ncia de g\u00e8nere-ministeri d&#8217;igualtat<\/h5>\n            <\/div>\n        <\/div>\n        <div data-colibri-id=\"321-c44\" class=\"h-x-container style-1590 style-local-321-c44 position-relative h-element\">\n          <!---->\n          <div class=\"h-x-container-inner style-dynamic-321-c44-group style-1590-spacing style-local-321-c44-spacing\"><span class=\"h-link__outer style-1591-outer style-local-321-c45-outer d-inline-flex h-element\"><a h-use-smooth-scroll=\"true\" href=\"http:\/\/estadisticasviolenciagenero.igualdad.mpr.gob.es\/\"  data-colibri-id=\"321-c45\" class=\"d-flex w-100 align-items-center h-link style-1591 style-local-321-c45 position-relative\"><!----><!----> <span>clica aqui<\/span>            <span class=\"h-svg-icon h-link__icon style-1591-icon style-local-321-c45-icon\"><!--Icon by Icons8 Line Awesome (https:\/\/icons8.com\/line-awesome)--><svg version=\"1.1\" xmlns=\"http:\/\/www.w3.org\/2000\/svg\" xmlns:xlink=\"http:\/\/www.w3.org\/1999\/xlink\" id=\"angle-double-right\" viewBox=\"0 0 512 545.5\"><path d=\"M145.5 108.5l168 168L325 288l-11.5 11.5-168 168-22.5-23L279.5 288 123 131.5zm112 0l168 168L437 288l-11.5 11.5-168 168-22.5-23L391.5 288 235 131.5z\"><\/path><\/svg><\/span><\/a>\n            <\/span>\n          <\/div>\n        <\/div>\n      <\/div>\n    <\/div>\n  <\/div>\n<\/div>\n<\/div>\n<\/div>\n<\/div>\n<\/div>","protected":false},"excerpt":{"rendered":"<p>dades estad\u00edstiques del baix empord\u00e0 clica aqui observatori catal\u00e0 de la just\u00edcia en viol\u00e8ncia masclista clica aqui OBSERVATORI DE LA IGUALTAT DE G\u00c8NERE (OIG) gencat clica aqui estad\u00edstica de serveis socials d&#8217;atenci\u00f3 a dones i els seus fills i filles en situaci\u00f3 de viol\u00e8ncia masclista segons idescat clica aqui dades recollides per mossos d&#8217;esquadra clica [&hellip;]<\/p>\n","protected":false},"author":2,"featured_media":0,"parent":0,"menu_order":0,"comment_status":"closed","ping_status":"closed","template":"page-templates\/full-width-page.php","meta":{"footnotes":""},"class_list":["post-321","page","type-page","status-publish","hentry"],"_links":{"self":[{"href":"https:\/\/ovm.baixemporda.cat\/index.php\/wp-json\/wp\/v2\/pages\/321","targetHints":{"allow":["GET"]}}],"collection":[{"href":"https:\/\/ovm.baixemporda.cat\/index.php\/wp-json\/wp\/v2\/pages"}],"about":[{"href":"https:\/\/ovm.baixemporda.cat\/index.php\/wp-json\/wp\/v2\/types\/page"}],"author":[{"embeddable":true,"href":"https:\/\/ovm.baixemporda.cat\/index.php\/wp-json\/wp\/v2\/users\/2"}],"replies":[{"embeddable":true,"href":"https:\/\/ovm.baixemporda.cat\/index.php\/wp-json\/wp\/v2\/comments?post=321"}],"version-history":[{"count":20,"href":"https:\/\/ovm.baixemporda.cat\/index.php\/wp-json\/wp\/v2\/pages\/321\/revisions"}],"predecessor-version":[{"id":4449,"href":"https:\/\/ovm.baixemporda.cat\/index.php\/wp-json\/wp\/v2\/pages\/321\/revisions\/4449"}],"wp:attachment":[{"href":"https:\/\/ovm.baixemporda.cat\/index.php\/wp-json\/wp\/v2\/media?parent=321"}],"curies":[{"name":"wp","href":"https:\/\/api.w.org\/{rel}","templated":true}]}}