{"id":401,"date":"2022-03-27T22:06:16","date_gmt":"2022-03-27T20:06:16","guid":{"rendered":"https:\/\/ovm.baixemporda.cat\/?page_id=401"},"modified":"2022-10-28T09:59:38","modified_gmt":"2022-10-28T07:59:38","slug":"protocol-jurisprudencia-i-publicaciones","status":"publish","type":"page","link":"https:\/\/ovm.baixemporda.cat\/index.php\/protocol-jurisprudencia-i-publicaciones\/","title":{"rendered":"Normatives i Protocols"},"content":{"rendered":"<div data-colibri-id=\"401-c1\" class=\"style-1381 style-local-401-c1 position-relative\">\n  <!---->\n  <div data-colibri-component=\"section\" data-colibri-id=\"401-c2\" id=\"features\" class=\"h-section h-section-global-spacing d-flex align-items-lg-center align-items-md-center align-items-center style-1398 style-local-401-c2 position-relative\">\n    <!---->\n    <!---->\n    <div class=\"h-section-grid-container h-section-fluid-container\">\n      <!---->\n      <div data-colibri-id=\"401-c3\" class=\"h-row-container gutters-row-lg-2 gutters-row-md-2 gutters-row-2 gutters-row-v-lg-2 gutters-row-v-md-2 gutters-row-v-2 style-1399 style-local-401-c3 position-relative\">\n        <!---->\n        <div class=\"h-row justify-content-lg-center justify-content-md-center justify-content-center align-items-lg-stretch align-items-md-stretch align-items-stretch gutters-col-lg-2 gutters-col-md-2 gutters-col-2 gutters-col-v-lg-2 gutters-col-v-md-2 gutters-col-v-2\">\n          <!---->\n          <div class=\"h-column h-column-container d-flex h-col-lg-4 h-col-md-6 h-col-12 style-1400-outer style-local-401-c4-outer\">\n            <div data-colibri-id=\"401-c4\" class=\"d-flex h-flex-basis h-column__inner h-px-lg-0 h-px-md-0 h-px-0 v-inner-lg-0 v-inner-md-0 v-inner-0 style-1400 style-local-401-c4 position-relative\">\n              <!---->\n              <!---->\n              <div class=\"w-100 h-y-container h-column__content h-column__v-align flex-basis-100 align-self-lg-start align-self-md-start align-self-start\">\n                <!---->\n                <div data-colibri-id=\"401-c5\" class=\"d-block style-1401 style-local-401-c5 position-relative h-element\">\n                  <!---->\n                  <div class=\"h-image__frame-container-outer\">\n                    <div class=\"h-image__frame-container\">\n                      <!---->\n                      <!---->\n                      <img decoding=\"async\" src=\"https:\/\/ovm.baixemporda.cat\/wp-content\/uploads\/2022\/07\/colibri-image-33.png\" class=\"wp-image-829 style-1401-image style-local-401-c5-image\" alt=\"\" \/>\n                      <div class=\"h-image__frame h-hide-lg h-hide-md h-hide-sm style-1401-frameImage style-local-401-c5-frameImage\"><\/div>\n                    <\/div>\n                  <\/div>\n                <\/div>\n                <div data-colibri-id=\"401-c6\" class=\"h-row-container gutters-row-lg-0 gutters-row-md-0 gutters-row-2 gutters-row-v-lg-0 gutters-row-v-md-0 gutters-row-v-2 style-1402 style-local-401-c6 position-relative\">\n                  <!---->\n                  <div class=\"h-row justify-content-lg-center justify-content-md-center justify-content-center align-items-lg-stretch align-items-md-stretch align-items-stretch gutters-col-lg-0 gutters-col-md-0 gutters-col-2 gutters-col-v-lg-0 gutters-col-v-md-0 gutters-col-v-2\">\n                    <!---->\n                    <div class=\"h-column h-column-container d-flex h-col-lg-auto h-col-md-auto h-col-auto style-1403-outer style-local-401-c7-outer\">\n                      <div data-colibri-id=\"401-c7\" class=\"d-flex h-flex-basis h-column__inner h-px-lg-2 h-px-md-3 h-px-2 v-inner-lg-2 v-inner-md-3 v-inner-2 style-1403 style-local-401-c7 position-relative\">\n                        <!---->\n                        <!---->\n                        <div class=\"w-100 h-y-container h-column__content h-column__v-align flex-basis-100 align-self-lg-start align-self-md-start align-self-start\">\n                          <!---->\n                          <div data-colibri-id=\"401-c8\" class=\"h-global-transition-all h-heading style-1404 style-local-401-c8 position-relative h-element\">\n                            <!---->\n                            <div class=\"h-heading__outer style-1404 style-local-401-c8\">\n                              <!---->\n                              <!---->\n                              <h4 class=\"\">PROTOCOLS I COMISSIONS<\/h4>\n                            <\/div>\n                          <\/div>\n                        <\/div>\n                      <\/div>\n                    <\/div>\n                  <\/div>\n                <\/div>\n                <div data-colibri-id=\"401-c9\" class=\"h-x-container style-1406 style-local-401-c9 position-relative h-element\">\n                  <!---->\n                  <div class=\"h-x-container-inner style-dynamic-401-c9-group style-1406-spacing style-local-401-c9-spacing\"><span class=\"h-link__outer style-1407-outer style-local-401-c10-outer d-inline-flex h-element\"><a h-use-smooth-scroll=\"true\" href=\"https:\/\/govern.cat\/govern\/docs\/2021\/10\/13\/17\/43\/3a6937e4-2db7-46b9-9d94-bd8d6a432543.pdf\"  data-colibri-id=\"401-c10\" class=\"d-flex w-100 align-items-center h-link style-1407 style-local-401-c10 position-relative\"><!----><!----> <span>Protocol de Feminicis<\/span><\/a>\n                    <\/span><span class=\"h-link__outer style-1412-outer style-local-401-c11-outer d-inline-flex h-element\"><a h-use-smooth-scroll=\"true\" href=\"https:\/\/igualtat.gencat.cat\/web\/.content\/Ambits\/violencies-masclistes\/coordinacio-treball-xarxa\/circuits_territorials\/Protocol-VM-actualitzacio-Girona.pdf\"  data-colibri-id=\"401-c11\" class=\"d-flex w-100 align-items-center h-link style-1412 style-local-401-c11 position-relative\"><!----><!----> <span>Protocol d&#8217;actuaci\u00f3 en el casos de viol\u00e8ncia masclista en la demarcaci\u00f3 de Girona<\/span><\/a>\n                    <\/span>\n                  <\/div>\n                <\/div>\n              <\/div>\n            <\/div>\n          <\/div>\n          <div class=\"h-column h-column-container d-flex h-col-lg-4 h-col-md-6 h-col-12 style-1400-outer style-local-401-c12-outer\">\n            <div data-colibri-id=\"401-c12\" class=\"d-flex h-flex-basis h-column__inner h-px-lg-0 h-px-md-0 h-px-0 v-inner-lg-0 v-inner-md-0 v-inner-0 style-1400 style-local-401-c12 position-relative\">\n              <!---->\n              <!---->\n              <div class=\"w-100 h-y-container h-column__content h-column__v-align flex-basis-100 align-self-lg-start align-self-md-start align-self-start\">\n                <!---->\n                <div data-colibri-id=\"401-c13\" class=\"d-block style-1401 style-local-401-c13 position-relative h-element\">\n                  <!---->\n                  <div class=\"h-image__frame-container-outer\">\n                    <div class=\"h-image__frame-container\">\n                      <!---->\n                      <!---->\n                      <img loading=\"lazy\" decoding=\"async\" width=\"1280\" height=\"970\" src=\"https:\/\/ovm.baixemporda.cat\/wp-content\/uploads\/2022\/10\/young-woman-library-books-1034421.jpg\" class=\"wp-image-2602 style-1401-image style-local-401-c13-image\" alt=\"young woman, library, books-1034421.jpg\" srcset=\"https:\/\/ovm.baixemporda.cat\/wp-content\/uploads\/2022\/10\/young-woman-library-books-1034421.jpg 1280w, https:\/\/ovm.baixemporda.cat\/wp-content\/uploads\/2022\/10\/young-woman-library-books-1034421-300x227.jpg 300w, https:\/\/ovm.baixemporda.cat\/wp-content\/uploads\/2022\/10\/young-woman-library-books-1034421-1024x776.jpg 1024w, https:\/\/ovm.baixemporda.cat\/wp-content\/uploads\/2022\/10\/young-woman-library-books-1034421-768x582.jpg 768w\" sizes=\"auto, (max-width: 1280px) 100vw, 1280px\" \/>\n                      <div class=\"h-image__frame h-hide-lg h-hide-md h-hide-sm style-1401-frameImage style-local-401-c13-frameImage\"><\/div>\n                    <\/div>\n                  <\/div>\n                <\/div>\n                <div data-colibri-id=\"401-c14\" class=\"h-global-transition-all h-heading style-1404 style-local-401-c14 position-relative h-element\">\n                  <!---->\n                  <div class=\"h-heading__outer style-1404 style-local-401-c14\">\n                    <!---->\n                    <!---->\n                    <h4 class=\"\">NORMATIVA CATALANA<\/h4>\n                  <\/div>\n                <\/div>\n                <div data-colibri-id=\"401-c15\" class=\"h-x-container style-1406 style-local-401-c15 position-relative h-element\">\n                  <!---->\n                  <div class=\"h-x-container-inner style-dynamic-401-c15-group style-1406-spacing style-local-401-c15-spacing\"><span class=\"h-link__outer style-1407-outer style-local-401-c16-outer d-inline-flex h-element\"><a h-use-smooth-scroll=\"true\" href=\"https:\/\/portaljuridic.gencat.cat\/eli\/es-ct\/l\/2020\/12\/22\/17\"  data-colibri-id=\"401-c16\" class=\"d-flex w-100 align-items-center h-link style-1407 style-local-401-c16 position-relative\"><!----><!----> <span>Llei 17\/2020, del 22 de desembre, de modificaci\u00f3 de la Llei 5\/2008, del dret de les dones a erradicar la viol\u00e8ncia masclista<\/span><\/a>\n                    <\/span><span class=\"h-link__outer style-1413-outer style-local-401-c17-outer d-inline-flex h-element\"><a h-use-smooth-scroll=\"true\" href=\"https:\/\/portaljuridic.gencat.cat\/eli\/es-ct\/l\/2008\/04\/24\/5\"  data-colibri-id=\"401-c17\" class=\"d-flex w-100 align-items-center h-link style-1413 style-local-401-c17 position-relative\"><!----><!----> <span>Llei 5\/2008, de 24 d&#8217;abril, del dret de les dones a eradicar la viol\u00e8ncia masclista<\/span><\/a>\n                    <\/span>\n                  <\/div>\n                <\/div>\n                <div data-colibri-id=\"401-c18\" class=\"h-row-container gutters-row-lg-0 gutters-row-md-0 gutters-row-2 gutters-row-v-lg-0 gutters-row-v-md-0 gutters-row-v-2 style-1402 style-local-401-c18 position-relative\">\n                  <!---->\n                  <div class=\"h-row justify-content-lg-center justify-content-md-center justify-content-center align-items-lg-stretch align-items-md-stretch align-items-stretch gutters-col-lg-0 gutters-col-md-0 gutters-col-2 gutters-col-v-lg-0 gutters-col-v-md-0 gutters-col-v-2\">\n                    <!---->\n                    <div class=\"h-column h-column-container d-flex h-col-lg-auto h-col-md-auto h-col-auto style-1403-outer style-local-401-c19-outer\">\n                      <div data-colibri-id=\"401-c19\" class=\"d-flex h-flex-basis h-column__inner h-px-lg-2 h-px-md-3 h-px-2 v-inner-lg-2 v-inner-md-3 v-inner-2 style-1403 style-local-401-c19 position-relative\">\n                        <!---->\n                        <!---->\n                        <div class=\"w-100 h-y-container h-column__content h-column__v-align flex-basis-100 align-self-lg-start align-self-md-start align-self-start\">\n                          <!---->\n                          <div data-colibri-id=\"401-c20\" class=\"h-x-container style-1449 style-local-401-c20 position-relative h-element\">\n                            <!---->\n                            <div class=\"h-x-container-inner style-dynamic-401-c20-group style-1449-spacing style-local-401-c20-spacing\"><span class=\"h-link__outer style-1450-outer style-local-401-c21-outer d-inline-flex h-element\"><a h-use-smooth-scroll=\"true\" href=\"https:\/\/dibaaps.diba.cat\/vnis\/temp\/CIDO_dogc_2010_05_20100513_10125015.pdf\"  data-colibri-id=\"401-c21\" class=\"d-flex w-100 align-items-center h-link style-1450 style-local-401-c21 position-relative\"><!----><!----> <span>Decret 60\/2010, d&#8217;11 de maig, de la Comissi\u00f3 Nacional per a una Intervenci\u00f3 Coordinada contra la Viol\u00e8ncia Masclista<\/span><\/a>\n                              <\/span>\n                            <\/div>\n                          <\/div>\n                        <\/div>\n                      <\/div>\n                    <\/div>\n                  <\/div>\n                <\/div>\n              <\/div>\n            <\/div>\n          <\/div>\n        <\/div>\n      <\/div>\n    <\/div>\n  <\/div>\n  <div data-colibri-component=\"section\" data-colibri-id=\"401-c22\" id=\"features-2\" class=\"h-section h-section-global-spacing d-flex align-items-lg-center align-items-md-center align-items-center style-1456 style-local-401-c22 position-relative\">\n    <!---->\n    <!---->\n    <div class=\"h-section-grid-container h-section-boxed-container\">\n      <!---->\n      <div data-colibri-id=\"401-c23\" class=\"h-row-container gutters-row-lg-2 gutters-row-md-2 gutters-row-2 gutters-row-v-lg-2 gutters-row-v-md-2 gutters-row-v-2 style-1457 style-local-401-c23 position-relative\">\n        <!---->\n        <div class=\"h-row justify-content-lg-center justify-content-md-center justify-content-center align-items-lg-stretch align-items-md-stretch align-items-stretch gutters-col-lg-2 gutters-col-md-2 gutters-col-2 gutters-col-v-lg-2 gutters-col-v-md-2 gutters-col-v-2\">\n          <!---->\n          <div class=\"h-column h-column-container d-flex h-col-lg-4 h-col-md-6 h-col-12 style-1458-outer style-local-401-c24-outer\">\n            <div data-colibri-id=\"401-c24\" class=\"d-flex h-flex-basis h-column__inner h-px-lg-0 h-px-md-0 h-px-0 v-inner-lg-0 v-inner-md-0 v-inner-0 style-1458 style-local-401-c24 position-relative\">\n              <!---->\n              <!---->\n              <div class=\"w-100 h-y-container h-column__content h-column__v-align flex-basis-100 align-self-lg-start align-self-md-start align-self-start\">\n                <!---->\n                <div data-colibri-id=\"401-c25\" class=\"d-block style-1459 style-local-401-c25 position-relative h-element\">\n                  <!---->\n                  <div class=\"h-image__frame-container-outer\">\n                    <div class=\"h-image__frame-container\">\n                      <!---->\n                      <!---->\n                      <img decoding=\"async\" src=\"https:\/\/ovm.baixemporda.cat\/wp-content\/uploads\/2022\/10\/cropped-cropped-books-reading-glasses-3733892.jpg\" class=\"style-1459-image style-local-401-c25-image\">\n                      <div class=\"h-image__frame h-hide-lg h-hide-md h-hide-sm style-1459-frameImage style-local-401-c25-frameImage\"><\/div>\n                    <\/div>\n                  <\/div>\n                <\/div>\n                <div data-colibri-id=\"401-c26\" class=\"h-global-transition-all h-heading style-1462 style-local-401-c26 position-relative h-element\">\n                  <!---->\n                  <div class=\"h-heading__outer style-1462 style-local-401-c26\">\n                    <!---->\n                    <!---->\n                    <h4 class=\"\">NORMATIVA ESPANYOLA<\/h4>\n                  <\/div>\n                <\/div>\n                <div data-colibri-id=\"401-c27\" class=\"h-row-container gutters-row-lg-0 gutters-row-md-0 gutters-row-2 gutters-row-v-lg-0 gutters-row-v-md-0 gutters-row-v-2 style-1460 style-local-401-c27 position-relative\">\n                  <!---->\n                  <div class=\"h-row justify-content-lg-center justify-content-md-center justify-content-center align-items-lg-stretch align-items-md-stretch align-items-stretch gutters-col-lg-0 gutters-col-md-0 gutters-col-2 gutters-col-v-lg-0 gutters-col-v-md-0 gutters-col-v-2\">\n                    <!---->\n                    <div class=\"h-column h-column-container d-flex h-col-lg-auto h-col-md-auto h-col-auto style-1461-outer style-local-401-c28-outer\">\n                      <div data-colibri-id=\"401-c28\" class=\"d-flex h-flex-basis h-column__inner h-px-lg-2 h-px-md-3 h-px-2 v-inner-lg-2 v-inner-md-3 v-inner-2 style-1461 style-local-401-c28 position-relative\">\n                        <!---->\n                        <!---->\n                        <div class=\"w-100 h-y-container h-column__content h-column__v-align flex-basis-100 align-self-lg-start align-self-md-start align-self-start\">\n                          <!---->\n                          <div data-colibri-id=\"401-c29\" class=\"h-x-container style-1470 style-local-401-c29 position-relative h-element\">\n                            <!---->\n                            <div class=\"h-x-container-inner style-dynamic-401-c29-group style-1470-spacing style-local-401-c29-spacing\"><span class=\"h-link__outer style-1471-outer style-local-401-c30-outer d-inline-flex h-element\"><a h-use-smooth-scroll=\"true\" href=\"https:\/\/www.boe.es\/buscar\/act.php?id=BOE-A-2004-21760\"  data-colibri-id=\"401-c30\" class=\"d-flex w-100 align-items-center h-link style-1471 style-local-401-c30 position-relative\"><!----><!----> <span>Ley Org\u00e1nica 1\/2004, de 28 de diciembre, de Medidas de Protecci\u00f3n Integral contra la Violencia de G\u00e9nero<\/span><\/a>\n                              <\/span>\n                            <\/div>\n                          <\/div>\n                        <\/div>\n                      <\/div>\n                    <\/div>\n                    <div class=\"h-column h-column-container d-flex h-col-lg-auto h-col-md-auto h-col-auto style-1694-outer style-local-401-c34-outer\">\n                      <div data-colibri-id=\"401-c34\" class=\"d-flex h-flex-basis h-column__inner h-px-lg-2 h-px-md-2 h-px-2 v-inner-lg-2 v-inner-md-2 v-inner-2 style-1694 style-local-401-c34 position-relative\">\n                        <!---->\n                        <!---->\n                        <div class=\"w-100 h-y-container h-column__content h-column__v-align flex-basis-100 align-self-lg-start align-self-md-start align-self-start\">\n                          <!---->\n                          <div data-colibri-id=\"401-c35\" class=\"h-x-container style-1695 style-local-401-c35 position-relative h-element\">\n                            <!---->\n                            <div class=\"h-x-container-inner style-dynamic-401-c35-group style-1695-spacing style-local-401-c35-spacing\"><span class=\"h-link__outer style-1696-outer style-local-401-c36-outer d-inline-flex h-element\"><a h-use-smooth-scroll=\"true\" href=\"https:\/\/www.boe.es\/buscar\/pdf\/2022\/BOE-A-2022-14630-consolidado.pdf\"  data-colibri-id=\"401-c36\" class=\"d-flex w-100 align-items-center h-link style-1696 style-local-401-c36 position-relative\"><!----><!----> <span>Ley Org\u00e1nica 10\/2022, de 6 de septiembre, de garant\u00eda integral de la libertad sexual<\/span><\/a>\n                              <\/span>\n                            <\/div>\n                          <\/div>\n                        <\/div>\n                      <\/div>\n                    <\/div>\n                  <\/div>\n                <\/div>\n                <div data-colibri-id=\"401-c31\" class=\"h-x-container style-1464 style-local-401-c31 position-relative h-element\">\n                  <!---->\n                  <div class=\"h-x-container-inner style-dynamic-401-c31-group style-1464-spacing style-local-401-c31-spacing\"><span class=\"h-link__outer style-1465-outer style-local-401-c32-outer d-inline-flex h-element\"><a h-use-smooth-scroll=\"true\" href=\"https:\/\/www.boe.es\/diario_boe\/txt.php?id=BOE-A-2014-5947\"  data-colibri-id=\"401-c32\" class=\"d-flex w-100 align-items-center h-link style-1465 style-local-401-c32 position-relative\"><!----><!----> <span>Instrumento de ratificaci\u00f3n del Convenio del Consejo de Europa sobre prevenci\u00f3n y lucha contra la violencia contra la mujer y la violencia dom\u00e9stica, hecho en Estambul el 11 de mayo de 2011<\/span><\/a>\n                    <\/span>\n                  <\/div>\n                <\/div>\n              <\/div>\n            <\/div>\n          <\/div>\n        <\/div>\n      <\/div>\n    <\/div>\n  <\/div>\n<\/div>","protected":false},"excerpt":{"rendered":"<p>PROTOCOLS I COMISSIONS Protocol de Feminicis Protocol d&#8217;actuaci\u00f3 en el casos de viol\u00e8ncia masclista en la demarcaci\u00f3 de Girona NORMATIVA CATALANA Llei 17\/2020, del 22 de desembre, de modificaci\u00f3 de la Llei 5\/2008, del dret de les dones a erradicar la viol\u00e8ncia masclista Llei 5\/2008, de 24 d&#8217;abril, del dret de les dones a eradicar [&hellip;]<\/p>\n","protected":false},"author":2,"featured_media":0,"parent":0,"menu_order":0,"comment_status":"closed","ping_status":"closed","template":"page-templates\/full-width-page.php","meta":{"footnotes":""},"class_list":["post-401","page","type-page","status-publish","hentry"],"_links":{"self":[{"href":"https:\/\/ovm.baixemporda.cat\/index.php\/wp-json\/wp\/v2\/pages\/401","targetHints":{"allow":["GET"]}}],"collection":[{"href":"https:\/\/ovm.baixemporda.cat\/index.php\/wp-json\/wp\/v2\/pages"}],"about":[{"href":"https:\/\/ovm.baixemporda.cat\/index.php\/wp-json\/wp\/v2\/types\/page"}],"author":[{"embeddable":true,"href":"https:\/\/ovm.baixemporda.cat\/index.php\/wp-json\/wp\/v2\/users\/2"}],"replies":[{"embeddable":true,"href":"https:\/\/ovm.baixemporda.cat\/index.php\/wp-json\/wp\/v2\/comments?post=401"}],"version-history":[{"count":20,"href":"https:\/\/ovm.baixemporda.cat\/index.php\/wp-json\/wp\/v2\/pages\/401\/revisions"}],"predecessor-version":[{"id":3282,"href":"https:\/\/ovm.baixemporda.cat\/index.php\/wp-json\/wp\/v2\/pages\/401\/revisions\/3282"}],"wp:attachment":[{"href":"https:\/\/ovm.baixemporda.cat\/index.php\/wp-json\/wp\/v2\/media?parent=401"}],"curies":[{"name":"wp","href":"https:\/\/api.w.org\/{rel}","templated":true}]}}