{"id":488,"date":"2022-03-28T12:23:30","date_gmt":"2022-03-28T10:23:30","guid":{"rendered":"https:\/\/ovm.baixemporda.cat\/?page_id=488"},"modified":"2022-10-24T14:42:25","modified_gmt":"2022-10-24T12:42:25","slug":"bones-practiques","status":"publish","type":"page","link":"https:\/\/ovm.baixemporda.cat\/index.php\/bones-practiques\/","title":{"rendered":"Bones pr\u00e0ctiques"},"content":{"rendered":"<div data-colibri-id=\"488-c1\" class=\"style-1523 style-local-488-c1 position-relative\">\n  <!---->\n  <div data-colibri-component=\"section\" data-colibri-id=\"488-c2\" id=\"overlappable\" class=\"h-section h-section-global-spacing d-flex align-items-lg-center align-items-md-center align-items-center style-1528 style-local-488-c2 position-relative\">\n    <!---->\n    <!---->\n    <div class=\"h-section-grid-container h-section-boxed-container\">\n      <!---->\n      <div data-colibri-id=\"488-c3\" class=\"h-row-container gutters-row-lg-0 gutters-row-md-0 gutters-row-2 gutters-row-v-lg-0 gutters-row-v-md-0 gutters-row-v-2 style-1529 style-local-488-c3 position-relative\">\n        <!---->\n        <div class=\"h-row justify-content-lg-center justify-content-md-center justify-content-center align-items-lg-stretch align-items-md-stretch align-items-stretch gutters-col-lg-0 gutters-col-md-0 gutters-col-2 gutters-col-v-lg-0 gutters-col-v-md-0 gutters-col-v-2\">\n          <!---->\n          <div class=\"h-column h-column-container d-flex h-col-lg-4 h-col-md-4 h-col-12 style-1530-outer style-local-488-c4-outer\">\n            <div data-colibri-id=\"488-c4\" class=\"d-flex h-flex-basis h-column__inner h-px-lg-3 h-px-md-3 h-px-2 v-inner-lg-3 v-inner-md-3 v-inner-2 style-1530 style-local-488-c4 position-relative\">\n              <!---->\n              <!---->\n              <div class=\"w-100 h-y-container h-column__content h-column__v-align flex-basis-100 align-self-lg-start align-self-md-start align-self-start\">\n                <!---->\n                <div data-colibri-id=\"488-c5\" class=\"h-icon style-1531 style-local-488-c5 position-relative h-element\">\n                  <!----><span class=\"h-svg-icon h-icon__icon style-1531-icon style-local-488-c5-icon\"><!--Icon by Font Awesome (https:\/\/fontawesome.com)-->\n    <svg version=\"1.1\" xmlns=\"http:\/\/www.w3.org\/2000\/svg\" xmlns:xlink=\"http:\/\/www.w3.org\/1999\/xlink\" id=\"eye\" viewBox=\"0 0 1792 1896.0833\">\n      <path d=\"M1664 960q-152-236-381-353 61 104 61 225 0 185-131.5 316.5T896 1280t-316.5-131.5T448 832q0-121 61-225-229 117-381 353 133 205 333.5 326.5T896 1408t434.5-121.5T1664 960zM944 576q0-20-14-34t-34-14q-125 0-214.5 89.5T592 832q0 20 14 34t34 14 34-14 14-34q0-86 61-147t147-61q20 0 34-14t14-34zm848 384q0 34-20 69-140 230-376.5 368.5T896 1536t-499.5-139T20 1029Q0 994 0 960t20-69q140-229 376.5-368T896 384t499.5 139T1772 891q20 35 20 69z\"><\/path>\n    <\/svg><\/span><\/div>\n                <div data-colibri-id=\"488-c6\" class=\"h-global-transition-all h-heading style-1532 style-local-488-c6 position-relative h-element\">\n                  <!---->\n                  <div class=\"h-heading__outer style-1532 style-local-488-c6\">\n                    <!---->\n                    <!---->\n                    <h5 class=\"\">repositori de bones pr\u00e0ctiques arreu del territori<\/h5>\n                  <\/div>\n                <\/div>\n                <div data-colibri-id=\"488-c7\" class=\"h-text h-text-component style-1533 style-local-488-c7 position-relative h-element\">\n                  <!---->\n                  <!---->\n                  <div class=\"\">\n                    <p>Tallers, formaci\u00f3 i activitats&nbsp;<\/p>\n                  <\/div>\n                <\/div>\n                <div data-colibri-id=\"488-c8\" class=\"h-x-container style-1534 style-local-488-c8 position-relative h-element\">\n                  <!---->\n                  <div class=\"h-x-container-inner style-dynamic-488-c8-group style-1534-spacing style-local-488-c8-spacing\"><span class=\"h-link__outer style-1535-outer style-local-488-c9-outer d-inline-flex h-element\"><a h-use-smooth-scroll=\"true\" href=\"https:\/\/ovm.baixemporda.cat\/index.php\/repositori-de-bones-practiques-2\/\"  data-colibri-id=\"488-c9\" class=\"d-flex w-100 align-items-center h-link style-1535 style-local-488-c9 position-relative\"><!----><!----> <span>clica aqu\u00ed<\/span>                    <span class=\"h-svg-icon h-link__icon style-1535-icon style-local-488-c9-icon\"><!--Icon by Icons8 Line Awesome (https:\/\/icons8.com\/line-awesome)--><svg version=\"1.1\" xmlns=\"http:\/\/www.w3.org\/2000\/svg\" xmlns:xlink=\"http:\/\/www.w3.org\/1999\/xlink\" id=\"angle-double-right\" viewBox=\"0 0 512 545.5\"><path d=\"M145.5 108.5l168 168L325 288l-11.5 11.5-168 168-22.5-23L279.5 288 123 131.5zm112 0l168 168L437 288l-11.5 11.5-168 168-22.5-23L391.5 288 235 131.5z\"><\/path><\/svg><\/span><\/a>\n                    <\/span>\n                  <\/div>\n                <\/div>\n              <\/div>\n            <\/div>\n          <\/div>\n          <div class=\"h-column h-column-container d-flex h-col-lg-4 h-col-md-4 h-col-12 style-1530-outer style-local-488-c10-outer\">\n            <div data-colibri-id=\"488-c10\" class=\"d-flex h-flex-basis h-column__inner h-px-lg-3 h-px-md-3 h-px-2 v-inner-lg-3 v-inner-md-3 v-inner-2 style-1530 style-local-488-c10 position-relative\">\n              <!---->\n              <!---->\n              <div class=\"w-100 h-y-container h-column__content h-column__v-align flex-basis-100 align-self-lg-start align-self-md-start align-self-start\">\n                <!---->\n                <div data-colibri-id=\"488-c11\" class=\"h-icon style-1531 style-local-488-c11 position-relative h-element\">\n                  <!----><span class=\"h-svg-icon h-icon__icon style-1531-icon style-local-488-c11-icon\"><!--Icon by Font Awesome (https:\/\/fontawesome.com)-->\n    <svg version=\"1.1\" xmlns=\"http:\/\/www.w3.org\/2000\/svg\" xmlns:xlink=\"http:\/\/www.w3.org\/1999\/xlink\" id=\"institution\" viewBox=\"0 0 2048 1896.0833\">\n      <path d=\"M960 0l960 384v128h-128q0 26-20.5 45t-48.5 19H197q-28 0-48.5-19T128 512H0V384zM256 640h256v768h128V640h256v768h128V640h256v768h128V640h256v768h59q28 0 48.5 19t20.5 45v64H128v-64q0-26 20.5-45t48.5-19h59V640zm1595 960q28 0 48.5 19t20.5 45v128H0v-128q0-26 20.5-45t48.5-19h1782z\"><\/path>\n    <\/svg><\/span><\/div>\n                <div data-colibri-id=\"488-c12\" class=\"h-global-transition-all h-heading style-1532 style-local-488-c12 position-relative h-element\">\n                  <!---->\n                  <div class=\"h-heading__outer style-1532 style-local-488-c12\">\n                    <!---->\n                    <!---->\n                    <h5 class=\"\">Pacte d&#8217;estat<\/h5>\n                  <\/div>\n                <\/div>\n                <div data-colibri-id=\"488-c13\" class=\"h-text h-text-component style-1533 style-local-488-c13 position-relative h-element\">\n                  <!---->\n                  <!---->\n                  <div class=\"\">\n                    <p>Programes municipals adre\u00e7ats a l\u2019erradicaci\u00f3 de la viol\u00e8ncia de g\u00e8nere per refor\u00e7ar mesures i recursos de prevenci\u00f3, detecci\u00f3, atenci\u00f3 i protecci\u00f3 integral en front a les viol\u00e8ncies contra les dones, inclosa la viol\u00e8ncia sexual.<\/p>\n                  <\/div>\n                <\/div>\n                <div data-colibri-id=\"488-c14\" class=\"h-x-container style-1534 style-local-488-c14 position-relative h-element\">\n                  <!---->\n                  <div class=\"h-x-container-inner style-dynamic-488-c14-group style-1534-spacing style-local-488-c14-spacing\"><span class=\"h-link__outer style-1535-outer style-local-488-c15-outer d-inline-flex h-element\"><a h-use-smooth-scroll=\"true\" href=\"https:\/\/violenciagenero.igualdad.gob.es\/pactoEstado\/repositorioBuenasPracticas.htm\"  data-colibri-id=\"488-c15\" class=\"d-flex w-100 align-items-center h-link style-1535 style-local-488-c15 position-relative\"><!----><!----> <span>clica aqu\u00ed<\/span>                    <span class=\"h-svg-icon h-link__icon style-1535-icon style-local-488-c15-icon\"><!--Icon by Icons8 Line Awesome (https:\/\/icons8.com\/line-awesome)--><svg version=\"1.1\" xmlns=\"http:\/\/www.w3.org\/2000\/svg\" xmlns:xlink=\"http:\/\/www.w3.org\/1999\/xlink\" id=\"angle-double-right\" viewBox=\"0 0 512 545.5\"><path d=\"M145.5 108.5l168 168L325 288l-11.5 11.5-168 168-22.5-23L279.5 288 123 131.5zm112 0l168 168L437 288l-11.5 11.5-168 168-22.5-23L391.5 288 235 131.5z\"><\/path><\/svg><\/span><\/a>\n                    <\/span>\n                  <\/div>\n                <\/div>\n              <\/div>\n            <\/div>\n          <\/div>\n          <div class=\"h-column h-column-container d-flex h-col-lg-4 h-col-md-4 h-col-12 style-1530-outer style-local-488-c16-outer\">\n            <div data-colibri-id=\"488-c16\" class=\"d-flex h-flex-basis h-column__inner h-px-lg-3 h-px-md-3 h-px-2 v-inner-lg-3 v-inner-md-3 v-inner-2 style-1530 style-local-488-c16 position-relative\">\n              <!---->\n              <!---->\n              <div class=\"w-100 h-y-container h-column__content h-column__v-align flex-basis-100 align-self-lg-start align-self-md-start align-self-start\">\n                <!---->\n                <div data-colibri-id=\"488-c17\" class=\"h-icon style-1531 style-local-488-c17 position-relative h-element\">\n                  <!----><span class=\"h-svg-icon h-icon__icon style-1531-icon style-local-488-c17-icon\"><!--Icon by Font Awesome (https:\/\/fontawesome.com)-->\n    <svg version=\"1.1\" xmlns=\"http:\/\/www.w3.org\/2000\/svg\" xmlns:xlink=\"http:\/\/www.w3.org\/1999\/xlink\" id=\"thumbs-o-up\" viewBox=\"0 0 1536 1896.0833\">\n      <path d=\"M256 1344q0-26-19-45t-45-19-45 19-19 45 19 45 45 19 45-19 19-45zm1152-576q0-51-39-89.5t-89-38.5H928q0-58 48-159.5t48-160.5q0-98-32-145t-128-47q-26 26-38 85t-30.5 125.5T736 448q-22 23-77 91-4 5-23 30t-31.5 41-34.5 42.5-40 44-38.5 35.5-40 27-35.5 9h-32v640h32q13 0 31.5 3t33 6.5 38 11 35 11.5 35.5 12.5 29 10.5q211 73 342 73h121q192 0 192-167 0-26-5-56 30-16 47.5-52.5t17.5-73.5-18-69q53-50 53-119 0-25-10-55.5t-25-47.5q32-1 53.5-47t21.5-81zm128-1q0 89-49 163 9 33 9 69 0 77-38 144 3 21 3 43 0 101-60 178 1 139-85 219.5t-227 80.5H960q-96 0-189.5-22.5T554 1576q-116-40-138-40H128q-53 0-90.5-37.5T0 1408V768q0-53 37.5-90.5T128 640h274q36-24 137-155 58-75 107-128 24-25 35.5-85.5T712 145t62-108q39-37 90-37 84 0 151 32.5T1117 134t35 186q0 93-48 192h176q104 0 180 76t76 179z\"><\/path>\n    <\/svg><\/span><\/div>\n                <div data-colibri-id=\"488-c18\" class=\"h-global-transition-all h-heading style-1532 style-local-488-c18 position-relative h-element\">\n                  <!---->\n                  <div class=\"h-heading__outer style-1532 style-local-488-c18\">\n                    <!---->\n                    <!---->\n                    <h5 class=\"\">altres pr\u00e0ctiques<\/h5>\n                  <\/div>\n                <\/div>\n                <div data-colibri-id=\"488-c19\" class=\"h-text h-text-component style-1533 style-local-488-c19 position-relative h-element\">\n                  <!---->\n                  <!---->\n                  <div class=\"\">\n                    <p><span style=\"color: rgb(37, 41, 42); font-family: &quot;Open Sans&quot;; font-size: 16px; font-weight: 400;\">Coneix altres accions que es fan a territori per prevenir la viol\u00e8ncia<\/span><\/p>\n                  <\/div>\n                <\/div>\n                <div data-colibri-id=\"488-c20\" class=\"h-x-container style-1534 style-local-488-c20 position-relative h-element\">\n                  <!---->\n                  <div class=\"h-x-container-inner style-dynamic-488-c20-group style-1534-spacing style-local-488-c20-spacing\"><span class=\"h-link__outer style-1535-outer style-local-488-c21-outer d-inline-flex h-element\"><a h-use-smooth-scroll=\"true\" href=\"https:\/\/ovm.baixemporda.cat\/index.php\/altres-practiques-arreu-del-territori\/\"  data-colibri-id=\"488-c21\" class=\"d-flex w-100 align-items-center h-link style-1535 style-local-488-c21 position-relative\"><!----><!----> <span>clica aqu\u00ed<\/span>                    <span class=\"h-svg-icon h-link__icon style-1535-icon style-local-488-c21-icon\"><!--Icon by Icons8 Line Awesome (https:\/\/icons8.com\/line-awesome)--><svg version=\"1.1\" xmlns=\"http:\/\/www.w3.org\/2000\/svg\" xmlns:xlink=\"http:\/\/www.w3.org\/1999\/xlink\" id=\"angle-double-right\" viewBox=\"0 0 512 545.5\"><path d=\"M145.5 108.5l168 168L325 288l-11.5 11.5-168 168-22.5-23L279.5 288 123 131.5zm112 0l168 168L437 288l-11.5 11.5-168 168-22.5-23L391.5 288 235 131.5z\"><\/path><\/svg><\/span><\/a>\n                    <\/span>\n                  <\/div>\n                <\/div>\n              <\/div>\n            <\/div>\n          <\/div>\n        <\/div>\n      <\/div>\n    <\/div>\n  <\/div>\n<\/div>","protected":false},"excerpt":{"rendered":"<p>repositori de bones pr\u00e0ctiques arreu del territori Tallers, formaci\u00f3 i activitats&nbsp; clica aqu\u00ed Pacte d&#8217;estat Programes municipals adre\u00e7ats a l\u2019erradicaci\u00f3 de la viol\u00e8ncia de g\u00e8nere per refor\u00e7ar mesures i recursos de prevenci\u00f3, detecci\u00f3, atenci\u00f3 i protecci\u00f3 integral en front a les viol\u00e8ncies contra les dones, inclosa la viol\u00e8ncia sexual. clica aqu\u00ed altres pr\u00e0ctiques Coneix altres [&hellip;]<\/p>\n","protected":false},"author":2,"featured_media":0,"parent":0,"menu_order":0,"comment_status":"closed","ping_status":"closed","template":"page-templates\/full-width-page.php","meta":{"footnotes":""},"class_list":["post-488","page","type-page","status-publish","hentry"],"_links":{"self":[{"href":"https:\/\/ovm.baixemporda.cat\/index.php\/wp-json\/wp\/v2\/pages\/488","targetHints":{"allow":["GET"]}}],"collection":[{"href":"https:\/\/ovm.baixemporda.cat\/index.php\/wp-json\/wp\/v2\/pages"}],"about":[{"href":"https:\/\/ovm.baixemporda.cat\/index.php\/wp-json\/wp\/v2\/types\/page"}],"author":[{"embeddable":true,"href":"https:\/\/ovm.baixemporda.cat\/index.php\/wp-json\/wp\/v2\/users\/2"}],"replies":[{"embeddable":true,"href":"https:\/\/ovm.baixemporda.cat\/index.php\/wp-json\/wp\/v2\/comments?post=488"}],"version-history":[{"count":20,"href":"https:\/\/ovm.baixemporda.cat\/index.php\/wp-json\/wp\/v2\/pages\/488\/revisions"}],"predecessor-version":[{"id":2815,"href":"https:\/\/ovm.baixemporda.cat\/index.php\/wp-json\/wp\/v2\/pages\/488\/revisions\/2815"}],"wp:attachment":[{"href":"https:\/\/ovm.baixemporda.cat\/index.php\/wp-json\/wp\/v2\/media?parent=488"}],"curies":[{"name":"wp","href":"https:\/\/api.w.org\/{rel}","templated":true}]}}