{"id":523,"date":"2022-03-29T10:43:45","date_gmt":"2022-03-29T08:43:45","guid":{"rendered":"https:\/\/ovm.baixemporda.cat\/?page_id=523"},"modified":"2022-03-29T10:43:45","modified_gmt":"2022-03-29T08:43:45","slug":"llei-17-2020-del-22-de-desembre-de-modificacio-de-la-llei-5-2008-del-dret-de-les-dones-a-erradicar-la-violencia-masclista","status":"publish","type":"page","link":"https:\/\/ovm.baixemporda.cat\/index.php\/llei-17-2020-del-22-de-desembre-de-modificacio-de-la-llei-5-2008-del-dret-de-les-dones-a-erradicar-la-violencia-masclista\/","title":{"rendered":"LLEI 17\/2020, del 22 de desembre, de modificaci\u00f3 de la Llei 5\/2008, del dret de les dones a erradicar la viol\u00e8ncia masclista."},"content":{"rendered":"\n<p>La Llei 5\/2008, del 24 d\u2019abril, del dret de les dones a erradicar la viol\u00e8ncia masclista, va \u00e9sser una llei pionera, fruit de la participaci\u00f3 de les organitzacions feministes i els partits pol\u00edtics i de la construcci\u00f3 de consensos. Encara avui en dia es pot considerar la llei m\u00e9s avan\u00e7ada en mat\u00e8ria de viol\u00e8ncia masclista a l\u2019Estat espanyol.<\/p>\n\n\n\n<p>El 4 de desembre de 2018 es van presentar a la Comissi\u00f3 d\u2019Igualtat de les Persones del Parlament de Catalunya uns informes d\u2019avaluaci\u00f3 amb relaci\u00f3 als deu anys de vig\u00e8ncia de la Llei 5\/2008, en els quals s\u2019identificaven algunes mancances en el seu desplegament i se\u2019n proposava la modificaci\u00f3 per tal de fer m\u00e9s \u00e0mplia i garantista la protecci\u00f3 de les dones v\u00edctimes de viol\u00e8ncia masclista.<\/p>\n\n\n\n<p><br>En particular, es va incorporar el processament de la viol\u00e8ncia contra les dones a la vida pol\u00edtica, la regulaci\u00f3 de la viol\u00e8ncia institucional com a \u00e0mbit, amb la definici\u00f3 de la dilig\u00e8ncia deguda i la definici\u00f3 de que aquesta viol\u00e8ncia es pot causar tant per acci\u00f3 com per omissi\u00f3. Tamb\u00e9 s&#8217;hi introdueix la regulaci\u00f3 de les viol\u00e8ncies digitals. Aix\u00ed mateix, es destaca la inclusi\u00f3 d&#8217;una definici\u00f3 de consentiment sexual, on es fixa com a requisit essencial la necessitat de la voluntat expressa. Tamb\u00e9, destaca la previsi\u00f3 que, quan una dona acudeixi a una comissaria per presentar una den\u00fancia com a conseq\u00fc\u00e8ncia d&#8217;haver viscut qualsevol de les manifestacions de la viol\u00e8ncia masclista, els agents de la Policia de la Generalitat &#8211; Mossos han de requerir el col\u00b7legi de advocats la pres\u00e8ncia de lletrat\/da per garantir l&#8217;assist\u00e8ncia lletrada des del moment inicial de la den\u00fancia.<\/p>\n\n\n\n<p><br>Finalment, s&#8217;introdueixen modificacions en el sentit d&#8217;ampliar els tipus de viol\u00e8ncia a l&#8217;\u00e0mbit social i comunitari, les formes de viol\u00e8ncia masclista i la necessitat de la formaci\u00f3 de professionals.<\/p>\n\n\n\n<p><\/p>\n","protected":false},"excerpt":{"rendered":"<p>La Llei 5\/2008, del 24 d\u2019abril, del dret de les dones a erradicar la viol\u00e8ncia masclista, va \u00e9sser una llei pionera, fruit de la participaci\u00f3 de les organitzacions feministes i els partits pol\u00edtics i de la construcci\u00f3 de consensos. Encara avui en dia es pot considerar la llei m\u00e9s avan\u00e7ada en mat\u00e8ria de viol\u00e8ncia masclista [&hellip;]<\/p>\n","protected":false},"author":2,"featured_media":0,"parent":0,"menu_order":0,"comment_status":"closed","ping_status":"closed","template":"","meta":{"footnotes":""},"class_list":["post-523","page","type-page","status-publish","hentry"],"_links":{"self":[{"href":"https:\/\/ovm.baixemporda.cat\/index.php\/wp-json\/wp\/v2\/pages\/523","targetHints":{"allow":["GET"]}}],"collection":[{"href":"https:\/\/ovm.baixemporda.cat\/index.php\/wp-json\/wp\/v2\/pages"}],"about":[{"href":"https:\/\/ovm.baixemporda.cat\/index.php\/wp-json\/wp\/v2\/types\/page"}],"author":[{"embeddable":true,"href":"https:\/\/ovm.baixemporda.cat\/index.php\/wp-json\/wp\/v2\/users\/2"}],"replies":[{"embeddable":true,"href":"https:\/\/ovm.baixemporda.cat\/index.php\/wp-json\/wp\/v2\/comments?post=523"}],"version-history":[{"count":1,"href":"https:\/\/ovm.baixemporda.cat\/index.php\/wp-json\/wp\/v2\/pages\/523\/revisions"}],"predecessor-version":[{"id":525,"href":"https:\/\/ovm.baixemporda.cat\/index.php\/wp-json\/wp\/v2\/pages\/523\/revisions\/525"}],"wp:attachment":[{"href":"https:\/\/ovm.baixemporda.cat\/index.php\/wp-json\/wp\/v2\/media?parent=523"}],"curies":[{"name":"wp","href":"https:\/\/api.w.org\/{rel}","templated":true}]}}