{"id":676,"date":"2022-03-29T13:44:56","date_gmt":"2022-03-29T11:44:56","guid":{"rendered":"https:\/\/ovm.baixemporda.cat\/?page_id=676"},"modified":"2022-03-31T13:21:59","modified_gmt":"2022-03-31T11:21:59","slug":"violencia-digital","status":"publish","type":"page","link":"https:\/\/ovm.baixemporda.cat\/index.php\/violencia-digital\/","title":{"rendered":"Viol\u00e8ncia digital"},"content":{"rendered":"\n<p>La viol\u00e8ncia digital consisteix en els actes de viol\u00e8ncia masclista i misog\u00ednia en l\u00ednia comesos, instigats, amplificats o agreujats, en part o totalment, amb l\u2019\u00fas de tecnologies de la informaci\u00f3 i de la comunicaci\u00f3, plataformes de xarxes socials, webs o f\u00f2rums, correu electr\u00f2nic i sistemes de missatgeria instant\u00e0nia i altres mitjans semblants que afectin la dignitat i els drets de les dones. Aquests actes causen danys psicol\u00f2gics i, fins i tot, f\u00edsics; reforcen estereotips; danyen la dignitat i la reputaci\u00f3; atempten contra la privacitat i la llibertat d\u2019obrar de la dona; li causen p\u00e8rdues econ\u00f2miques, i obstaculitzen la seva participaci\u00f3 pol\u00edtica i la seva llibertat d&#8217;expressi\u00f3.<\/p>\n\n\n\n<p class=\"has-small-font-size\">Font: Llei 17\/2020, del 22 de desembre, de modificaci\u00f3 de la Llei 5\/2008, del dret de les dones a erradicar la viol\u00e8ncia masclista.<\/p>\n","protected":false},"excerpt":{"rendered":"<p>La viol\u00e8ncia digital consisteix en els actes de viol\u00e8ncia masclista i misog\u00ednia en l\u00ednia comesos, instigats, amplificats o agreujats, en part o totalment, amb l\u2019\u00fas de tecnologies de la informaci\u00f3 i de la comunicaci\u00f3, plataformes de xarxes socials, webs o f\u00f2rums, correu electr\u00f2nic i sistemes de missatgeria instant\u00e0nia i altres mitjans semblants que afectin la [&hellip;]<\/p>\n","protected":false},"author":2,"featured_media":0,"parent":0,"menu_order":0,"comment_status":"closed","ping_status":"closed","template":"","meta":{"footnotes":""},"class_list":["post-676","page","type-page","status-publish","hentry"],"_links":{"self":[{"href":"https:\/\/ovm.baixemporda.cat\/index.php\/wp-json\/wp\/v2\/pages\/676","targetHints":{"allow":["GET"]}}],"collection":[{"href":"https:\/\/ovm.baixemporda.cat\/index.php\/wp-json\/wp\/v2\/pages"}],"about":[{"href":"https:\/\/ovm.baixemporda.cat\/index.php\/wp-json\/wp\/v2\/types\/page"}],"author":[{"embeddable":true,"href":"https:\/\/ovm.baixemporda.cat\/index.php\/wp-json\/wp\/v2\/users\/2"}],"replies":[{"embeddable":true,"href":"https:\/\/ovm.baixemporda.cat\/index.php\/wp-json\/wp\/v2\/comments?post=676"}],"version-history":[{"count":5,"href":"https:\/\/ovm.baixemporda.cat\/index.php\/wp-json\/wp\/v2\/pages\/676\/revisions"}],"predecessor-version":[{"id":965,"href":"https:\/\/ovm.baixemporda.cat\/index.php\/wp-json\/wp\/v2\/pages\/676\/revisions\/965"}],"wp:attachment":[{"href":"https:\/\/ovm.baixemporda.cat\/index.php\/wp-json\/wp\/v2\/media?parent=676"}],"curies":[{"name":"wp","href":"https:\/\/api.w.org\/{rel}","templated":true}]}}