{"id":680,"date":"2022-03-29T13:45:56","date_gmt":"2022-03-29T11:45:56","guid":{"rendered":"https:\/\/ovm.baixemporda.cat\/?page_id=680"},"modified":"2022-03-31T13:22:10","modified_gmt":"2022-03-31T11:22:10","slug":"violencia-psicologica","status":"publish","type":"page","link":"https:\/\/ovm.baixemporda.cat\/index.php\/violencia-psicologica\/","title":{"rendered":"Viol\u00e8ncia psicol\u00f2gica"},"content":{"rendered":"\n<p>La viol\u00e8ncia psicol\u00f2gica  compr\u00e8n tota conducta o omissi\u00f3 que produeix en una dona una desvaloraci\u00f3 o un patiment, per mitj\u00e0 d&#8217;amenaces, humiliaci\u00f3, vexacions, menysteniment, menyspreu, exig\u00e8ncia d&#8217;obedi\u00e8ncia o submissi\u00f3, coerci\u00f3 verbal, insults, a\u00efllament o qualsevol altra limitaci\u00f3 del seu \u00e0mbit de llibertat. La viol\u00e8ncia masclista tamb\u00e9 es pot dur a terme amb l&#8217;amena\u00e7a o la causaci\u00f3 de viol\u00e8ncia f\u00edsica o psicol\u00f2gica contra l&#8217;entorn afectiu de la dona, especialment els fills i filles o altres familiars que hi convisquin o hi tinguin una relaci\u00f3 directa, quan es dirigeixi a afligir la dona. Tamb\u00e9 inclou la viol\u00e8ncia ambiental, que es duu a terme per mitj\u00e0 de l&#8217;exercici de la viol\u00e8ncia sobre b\u00e9ns i propietats de la dona, amb valor econ\u00f2mic o sentimental, o sobre els animals amb els quals t\u00e9 un vincle d&#8217;afecte, amb la finalitat d&#8217;afligir-la o de crear un entorn intimidatori.<\/p>\n\n\n\n<p class=\"has-small-font-size\">Font: llEI 17\/2020, del 22 de desembre, de modificaci\u00f3 de la Llei 5\/2008, del dret de les dones a erradicar la viol\u00e8ncia masclista.<\/p>\n","protected":false},"excerpt":{"rendered":"<p>La viol\u00e8ncia psicol\u00f2gica compr\u00e8n tota conducta o omissi\u00f3 que produeix en una dona una desvaloraci\u00f3 o un patiment, per mitj\u00e0 d&#8217;amenaces, humiliaci\u00f3, vexacions, menysteniment, menyspreu, exig\u00e8ncia d&#8217;obedi\u00e8ncia o submissi\u00f3, coerci\u00f3 verbal, insults, a\u00efllament o qualsevol altra limitaci\u00f3 del seu \u00e0mbit de llibertat. La viol\u00e8ncia masclista tamb\u00e9 es pot dur a terme amb l&#8217;amena\u00e7a o la [&hellip;]<\/p>\n","protected":false},"author":2,"featured_media":0,"parent":0,"menu_order":0,"comment_status":"closed","ping_status":"closed","template":"","meta":{"footnotes":""},"class_list":["post-680","page","type-page","status-publish","hentry"],"_links":{"self":[{"href":"https:\/\/ovm.baixemporda.cat\/index.php\/wp-json\/wp\/v2\/pages\/680","targetHints":{"allow":["GET"]}}],"collection":[{"href":"https:\/\/ovm.baixemporda.cat\/index.php\/wp-json\/wp\/v2\/pages"}],"about":[{"href":"https:\/\/ovm.baixemporda.cat\/index.php\/wp-json\/wp\/v2\/types\/page"}],"author":[{"embeddable":true,"href":"https:\/\/ovm.baixemporda.cat\/index.php\/wp-json\/wp\/v2\/users\/2"}],"replies":[{"embeddable":true,"href":"https:\/\/ovm.baixemporda.cat\/index.php\/wp-json\/wp\/v2\/comments?post=680"}],"version-history":[{"count":4,"href":"https:\/\/ovm.baixemporda.cat\/index.php\/wp-json\/wp\/v2\/pages\/680\/revisions"}],"predecessor-version":[{"id":967,"href":"https:\/\/ovm.baixemporda.cat\/index.php\/wp-json\/wp\/v2\/pages\/680\/revisions\/967"}],"wp:attachment":[{"href":"https:\/\/ovm.baixemporda.cat\/index.php\/wp-json\/wp\/v2\/media?parent=680"}],"curies":[{"name":"wp","href":"https:\/\/api.w.org\/{rel}","templated":true}]}}