{"id":684,"date":"2022-03-29T13:47:25","date_gmt":"2022-03-29T11:47:25","guid":{"rendered":"https:\/\/ovm.baixemporda.cat\/?page_id=684"},"modified":"2022-03-31T13:22:57","modified_gmt":"2022-03-31T11:22:57","slug":"violencia-de-segon-ordre","status":"publish","type":"page","link":"https:\/\/ovm.baixemporda.cat\/index.php\/violencia-de-segon-ordre\/","title":{"rendered":"Viol\u00e8ncia de segon ordre"},"content":{"rendered":"\n<p>La viol\u00e8ncia de segon ordre consisteix en la viol\u00e8ncia f\u00edsica o psicol\u00f2gica, les repres\u00e0lies, les humiliacions i la persecuci\u00f3 exercides contra les persones que donen suport a les v\u00edctimes de viol\u00e8ncia masclista. Inclou els actes que impedeixen la prevenci\u00f3, la detecci\u00f3, l\u2019atenci\u00f3 i la recuperaci\u00f3 de les dones en situaci\u00f3 de viol\u00e8ncia masclista.<\/p>\n\n\n\n<p class=\"has-small-font-size\">Font: Llei 17\/2020, del 22 de desembre, de modificaci\u00f3 de la Llei 5\/20<\/p>\n","protected":false},"excerpt":{"rendered":"<p>La viol\u00e8ncia de segon ordre consisteix en la viol\u00e8ncia f\u00edsica o psicol\u00f2gica, les repres\u00e0lies, les humiliacions i la persecuci\u00f3 exercides contra les persones que donen suport a les v\u00edctimes de viol\u00e8ncia masclista. Inclou els actes que impedeixen la prevenci\u00f3, la detecci\u00f3, l\u2019atenci\u00f3 i la recuperaci\u00f3 de les dones en situaci\u00f3 de viol\u00e8ncia masclista. Font: Llei [&hellip;]<\/p>\n","protected":false},"author":2,"featured_media":0,"parent":0,"menu_order":0,"comment_status":"closed","ping_status":"closed","template":"","meta":{"footnotes":""},"class_list":["post-684","page","type-page","status-publish","hentry"],"_links":{"self":[{"href":"https:\/\/ovm.baixemporda.cat\/index.php\/wp-json\/wp\/v2\/pages\/684","targetHints":{"allow":["GET"]}}],"collection":[{"href":"https:\/\/ovm.baixemporda.cat\/index.php\/wp-json\/wp\/v2\/pages"}],"about":[{"href":"https:\/\/ovm.baixemporda.cat\/index.php\/wp-json\/wp\/v2\/types\/page"}],"author":[{"embeddable":true,"href":"https:\/\/ovm.baixemporda.cat\/index.php\/wp-json\/wp\/v2\/users\/2"}],"replies":[{"embeddable":true,"href":"https:\/\/ovm.baixemporda.cat\/index.php\/wp-json\/wp\/v2\/comments?post=684"}],"version-history":[{"count":3,"href":"https:\/\/ovm.baixemporda.cat\/index.php\/wp-json\/wp\/v2\/pages\/684\/revisions"}],"predecessor-version":[{"id":970,"href":"https:\/\/ovm.baixemporda.cat\/index.php\/wp-json\/wp\/v2\/pages\/684\/revisions\/970"}],"wp:attachment":[{"href":"https:\/\/ovm.baixemporda.cat\/index.php\/wp-json\/wp\/v2\/media?parent=684"}],"curies":[{"name":"wp","href":"https:\/\/api.w.org\/{rel}","templated":true}]}}