{"id":733,"date":"2022-03-30T11:40:10","date_gmt":"2022-03-30T09:40:10","guid":{"rendered":"https:\/\/ovm.baixemporda.cat\/?page_id=733"},"modified":"2022-11-15T14:56:03","modified_gmt":"2022-11-15T12:56:03","slug":"publicacions","status":"publish","type":"page","link":"https:\/\/ovm.baixemporda.cat\/index.php\/publicacions\/","title":{"rendered":"Publicacions"},"content":{"rendered":"<div data-colibri-id=\"733-c1\" class=\"style-1357 style-local-733-c1 position-relative\">\n  <!---->\n  <div data-colibri-component=\"section\" data-colibri-id=\"733-c2\" id=\"overlappable-2\" class=\"h-section h-section-global-spacing d-flex align-items-lg-end align-items-md-end align-items-end style-1369 style-local-733-c2 position-relative\">\n    <!---->\n    <!---->\n    <div class=\"h-section-grid-container h-section-boxed-container\">\n      <!---->\n      <div data-colibri-id=\"733-c3\" class=\"h-row-container gutters-row-lg-3 gutters-row-md-3 gutters-row-2 gutters-row-v-lg-3 gutters-row-v-md-3 gutters-row-v-2 style-1370 style-local-733-c3 position-relative\">\n        <!---->\n        <div class=\"h-row justify-content-lg-center justify-content-md-center justify-content-center align-items-lg-stretch align-items-md-stretch align-items-stretch gutters-col-lg-3 gutters-col-md-3 gutters-col-2 gutters-col-v-lg-3 gutters-col-v-md-3 gutters-col-v-2\">\n          <!---->\n          <div class=\"h-column h-column-container d-flex h-col-lg-3 h-col-md-3 h-col-12 style-1371-outer style-local-733-c4-outer\">\n            <div data-colibri-id=\"733-c4\" class=\"d-flex h-flex-basis h-column__inner h-px-lg-3 h-px-md-3 h-px-2 v-inner-lg-3 v-inner-md-3 v-inner-2 style-1371 style-local-733-c4 position-relative\">\n              <!---->\n              <!---->\n              <div class=\"w-100 h-y-container h-column__content h-column__v-align flex-basis-100 align-self-lg-end align-self-md-end align-self-end\">\n                <!---->\n                <div data-colibri-id=\"733-c5\" class=\"h-icon style-1372 style-local-733-c5 position-relative h-element\">\n                  <!----><span class=\"h-svg-icon h-icon__icon style-1372-icon style-local-733-c5-icon\"><!--Icon by Icons8 Line Awesome (https:\/\/icons8.com\/line-awesome)--><svg version=\"1.1\" xmlns=\"http:\/\/www.w3.org\/2000\/svg\" xmlns:xlink=\"http:\/\/www.w3.org\/1999\/xlink\" id=\"money\" viewBox=\"0 0 512 545.5\"><path d=\"M447 108l12 68h-32.5l-5.5-31-181 31H50.5zM32 192h448v256H32V192zm79 32c.533 2.603 1 5.238 1 8 0 22.092-17.908 40-40 40-2.762 0-5.396-.467-8-1v98c2.603-.533 5.238-1 8-1 22.092 0 40 17.908 40 40 0 2.762-.467 5.396-1 8h290c-.533-2.603-1-5.238-1-8 0-22.092 17.908-40 40-40 2.762 0 5.396.467 8 1v-98c-2.603.533-5.238 1-8 1-22.092 0-40-17.908-40-40 0-2.762.467-5.396 1-8H111zm145 16c43.993 0 80 36.007 80 80s-36.007 80-80 80-80-36.007-80-80 36.007-80 80-80zm0 32c-26.7 0-48 21.3-48 48s21.3 48 48 48 48-21.3 48-48-21.3-48-48-48z\"><\/path><\/svg><\/span><\/div>\n                <div\n                  data-colibri-id=\"733-c6\" class=\"h-global-transition-all h-heading style-1373 style-local-733-c6 position-relative h-element\">\n                  <!---->\n                  <div class=\"h-heading__outer style-1373 style-local-733-c6\">\n                    <!---->\n                    <!---->\n                    <h5 class=\"\">GUIA D&#8217;AJUTS PER A DONES EN SITUACI\u00d3 DE VIOL\u00c8NCIA<\/h5>\n                  <\/div>\n              <\/div>\n              <div data-colibri-id=\"733-c7\" class=\"h-x-container style-1375 style-local-733-c7 position-relative h-element\">\n                <!---->\n                <div class=\"h-x-container-inner style-dynamic-733-c7-group style-1375-spacing style-local-733-c7-spacing\"><span class=\"h-link__outer style-1376-outer style-local-733-c8-outer d-inline-flex h-element\"><a h-use-smooth-scroll=\"true\" href=\"https:\/\/dones.gencat.cat\/web\/.content\/03_ambits\/violencia_masclista\/prevencio_sensibilitzacio\/FINAL_AA_Guia-dAjuts_FINAL.pdf\"  data-colibri-id=\"733-c8\" class=\"d-flex w-100 align-items-center h-link style-1376 style-local-733-c8 position-relative\"><!----><!----> <span>Clica aqu\u00ed<\/span>                  <span class=\"h-svg-icon h-link__icon style-1376-icon style-local-733-c8-icon\"><!--Icon by Icons8 Line Awesome (https:\/\/icons8.com\/line-awesome)--><svg version=\"1.1\" xmlns=\"http:\/\/www.w3.org\/2000\/svg\" xmlns:xlink=\"http:\/\/www.w3.org\/1999\/xlink\" id=\"angle-double-right\" viewBox=\"0 0 512 545.5\"><path d=\"M145.5 108.5l168 168L325 288l-11.5 11.5-168 168-22.5-23L279.5 288 123 131.5zm112 0l168 168L437 288l-11.5 11.5-168 168-22.5-23L391.5 288 235 131.5z\"><\/path><\/svg><\/span><\/a>\n                  <\/span>\n                <\/div>\n              <\/div>\n            <\/div>\n          <\/div>\n        <\/div>\n        <div class=\"h-column h-column-container d-flex h-col-lg-3 h-col-md-3 h-col-12 style-1371-outer style-local-733-c9-outer\">\n          <div data-colibri-id=\"733-c9\" class=\"d-flex h-flex-basis h-column__inner h-px-lg-3 h-px-md-3 h-px-2 v-inner-lg-3 v-inner-md-3 v-inner-2 style-1371 style-local-733-c9 position-relative\">\n            <!---->\n            <!---->\n            <div class=\"w-100 h-y-container h-column__content h-column__v-align flex-basis-100 align-self-lg-end align-self-md-end align-self-end\">\n              <!---->\n              <div data-colibri-id=\"733-c10\" class=\"h-icon style-1372 style-local-733-c10 position-relative h-element\">\n                <!----><span class=\"h-svg-icon h-icon__icon style-1372-icon style-local-733-c10-icon\"><!--Icon by Font Awesome (https:\/\/fontawesome.com)-->\n    <svg version=\"1.1\" xmlns=\"http:\/\/www.w3.org\/2000\/svg\" xmlns:xlink=\"http:\/\/www.w3.org\/1999\/xlink\" id=\"balance-scale\" viewBox=\"0 0 2304 1896.0833\">\n      <path d=\"M1728 448l-384 704h768zm-1280 0L64 1152h768zm821-192q-14 40-45.5 71.5T1152 373v1291h608q14 0 23 9t9 23v64q0 14-9 23t-23 9H416q-14 0-23-9t-9-23v-64q0-14 9-23t23-9h608V373q-40-14-71.5-45.5T907 256H416q-14 0-23-9t-9-23v-64q0-14 9-23t23-9h491q21-57 70-92.5T1088 0t111 35.5 70 92.5h491q14 0 23 9t9 23v64q0 14-9 23t-23 9h-491zm-181 16q33 0 56.5-23.5T1168 192t-23.5-56.5T1088 112t-56.5 23.5T1008 192t23.5 56.5T1088 272zm1088 880q0 73-46.5 131t-117.5 91-144.5 49.5T1728 1440t-139.5-16.5T1444 1374t-117.5-91-46.5-131q0-11 35-81t92-174.5T1514 701t102-184 56-100q18-33 56-33t56 33q4 7 56 100t102 184 107 195.5 92 174.5 35 81zm-1280 0q0 73-46.5 131T732 1374t-144.5 49.5T448 1440t-139.5-16.5T164 1374t-117.5-91T0 1152q0-11 35-81t92-174.5T234 701t102-184 56-100q18-33 56-33t56 33q4 7 56 100t102 184 107 195.5 92 174.5 35 81z\"><\/path>\n    <\/svg><\/span><\/div>\n              <div data-colibri-id=\"733-c11\" class=\"h-global-transition-all h-heading style-1373 style-local-733-c11 position-relative h-element\">\n                <!---->\n                <div class=\"h-heading__outer style-1373 style-local-733-c11\">\n                  <!---->\n                  <!---->\n                  <h5 class=\"\">GUIA DELS DRETS DE LES PERSONES V\u00cdCTIMES DE VIOL\u00c8NCIA<\/h5>\n                <\/div>\n              <\/div>\n              <div data-colibri-id=\"733-c12\" class=\"h-x-container style-1375 style-local-733-c12 position-relative h-element\">\n                <!---->\n                <div class=\"h-x-container-inner style-dynamic-733-c12-group style-1375-spacing style-local-733-c12-spacing\"><span class=\"h-link__outer style-1376-outer style-local-733-c13-outer d-inline-flex h-element\"><a h-use-smooth-scroll=\"true\" href=\"https:\/\/ovm.baixemporda.cat\/index.php\/guia-dels-drets-de-les-persones-victimes-de-violencia-de-genere\/\"  data-colibri-id=\"733-c13\" class=\"d-flex w-100 align-items-center h-link style-1376 style-local-733-c13 position-relative\"><!----><!----> <span>Clica aqu\u00ed<\/span>                  <span class=\"h-svg-icon h-link__icon style-1376-icon style-local-733-c13-icon\"><!--Icon by Icons8 Line Awesome (https:\/\/icons8.com\/line-awesome)--><svg version=\"1.1\" xmlns=\"http:\/\/www.w3.org\/2000\/svg\" xmlns:xlink=\"http:\/\/www.w3.org\/1999\/xlink\" id=\"angle-double-right\" viewBox=\"0 0 512 545.5\"><path d=\"M145.5 108.5l168 168L325 288l-11.5 11.5-168 168-22.5-23L279.5 288 123 131.5zm112 0l168 168L437 288l-11.5 11.5-168 168-22.5-23L391.5 288 235 131.5z\"><\/path><\/svg><\/span><\/a>\n                  <\/span>\n                <\/div>\n              <\/div>\n            <\/div>\n          <\/div>\n        <\/div>\n        <div class=\"h-column h-column-container d-flex h-col-lg-3 h-col-md-3 h-col-12 style-1371-outer style-local-733-c14-outer\">\n          <div data-colibri-id=\"733-c14\" class=\"d-flex h-flex-basis h-column__inner h-px-lg-3 h-px-md-3 h-px-2 v-inner-lg-3 v-inner-md-3 v-inner-2 style-1371 style-local-733-c14 position-relative\">\n            <!---->\n            <!---->\n            <div class=\"w-100 h-y-container h-column__content h-column__v-align flex-basis-100 align-self-lg-end align-self-md-end align-self-end\">\n              <!---->\n              <div data-colibri-id=\"733-c15\" class=\"h-icon style-1758 style-local-733-c15 position-relative h-element\">\n                <!----><span class=\"h-svg-icon h-icon__icon style-1758-icon style-local-733-c15-icon\"><!--Icon by Icons8 Line Awesome (https:\/\/icons8.com\/line-awesome)--><svg version=\"1.1\" xmlns=\"http:\/\/www.w3.org\/2000\/svg\" xmlns:xlink=\"http:\/\/www.w3.org\/1999\/xlink\" id=\"book\" viewBox=\"0 0 512 545.5\"><path d=\"M160 112c46.716 0 87.714 15.696 96 19 8.286-3.304 49.284-19 96-19 51.633 0 102 21 102 21l10 4.5V464H283.5c-5.535 9.55-15.662 16-27.5 16s-21.965-6.45-27.5-16H48V137.5l10-4.5s50.367-21 102-21zm0 32c-35.185 0-67.71 11.04-80 15.5v258c19-6.27 46.35-14 80-14 32.912 0 62.207 8.096 80 14v-258c-16.003-5.485-49.065-15.5-80-15.5zm192 0c-30.935 0-63.997 10.015-80 15.5v258c17.793-5.904 47.088-14 80-14 33.65 0 61 7.73 80 14v-258c-12.29-4.46-44.815-15.5-80-15.5z\"><\/path><\/svg><\/span><\/div>\n              <div\n                data-colibri-id=\"733-c16\" class=\"h-global-transition-all h-heading style-1373 style-local-733-c16 position-relative h-element\">\n                <!---->\n                <div class=\"h-heading__outer style-1373 style-local-733-c16\">\n                  <!---->\n                  <!---->\n                  <h5 class=\"\">GUIA PER EXPLICAR CONTES EDUCATIUS<\/h5>\n                <\/div>\n            <\/div>\n            <div data-colibri-id=\"733-c17\" class=\"h-x-container style-1375 style-local-733-c17 position-relative h-element\">\n              <!---->\n              <div class=\"h-x-container-inner style-dynamic-733-c17-group style-1375-spacing style-local-733-c17-spacing\"><span class=\"h-link__outer style-1376-outer style-local-733-c18-outer d-inline-flex h-element\"><a h-use-smooth-scroll=\"true\" href=\"https:\/\/www.palafrugell.cat\/images\/business_directory\/documents\/espai-dona\/guia-per-explicar-contes-coeducatius.pdf\"  data-colibri-id=\"733-c18\" class=\"d-flex w-100 align-items-center h-link style-1376 style-local-733-c18 position-relative\"><!----><!----> <span>clica aqu\u00ed<\/span>                <span class=\"h-svg-icon h-link__icon style-1376-icon style-local-733-c18-icon\"><!--Icon by Icons8 Line Awesome (https:\/\/icons8.com\/line-awesome)--><svg version=\"1.1\" xmlns=\"http:\/\/www.w3.org\/2000\/svg\" xmlns:xlink=\"http:\/\/www.w3.org\/1999\/xlink\" id=\"angle-double-right\" viewBox=\"0 0 512 545.5\"><path d=\"M145.5 108.5l168 168L325 288l-11.5 11.5-168 168-22.5-23L279.5 288 123 131.5zm112 0l168 168L437 288l-11.5 11.5-168 168-22.5-23L391.5 288 235 131.5z\"><\/path><\/svg><\/span><\/a>\n                <\/span>\n              <\/div>\n            <\/div>\n          <\/div>\n        <\/div>\n      <\/div>\n      <div class=\"h-column h-column-container d-flex h-col-lg-3 h-col-md-3 h-col-12 style-1786-outer style-local-733-c19-outer\">\n        <div data-colibri-id=\"733-c19\" class=\"d-flex h-flex-basis h-column__inner h-px-lg-2 h-px-md-2 h-px-2 v-inner-lg-2 v-inner-md-2 v-inner-2 style-1786 style-local-733-c19 position-relative\">\n          <!---->\n          <!---->\n          <div class=\"w-100 h-y-container h-column__content h-column__v-align flex-basis-100 align-self-lg-start align-self-md-start align-self-start\">\n            <!---->\n            <div data-colibri-id=\"733-c20\" class=\"h-icon style-1773 style-local-733-c20 position-relative h-element\">\n              <!----><span class=\"h-svg-icon h-icon__icon style-1773-icon style-local-733-c20-icon\"><!--Icon by Icons8 Line Awesome (https:\/\/icons8.com\/line-awesome)--><svg version=\"1.1\" xmlns=\"http:\/\/www.w3.org\/2000\/svg\" xmlns:xlink=\"http:\/\/www.w3.org\/1999\/xlink\" id=\"cubes\" viewBox=\"0 0 512 545.5\"><path d=\"M256 96l6 2.5 96 38.5 10 4v107.5l86.5 37.5 9.5 4.5v129l-8 5-96 53.5-7.5 4-7.5-3.5-89-44.5-89 44.5-7.5 3.5-7.5-4-96-53.5-8-5v-129l9.5-4.5 86.5-37.5V141l10-4 96-38.5zm0 35l-52.5 20.5L256 172l52.5-20.5zm-80 44v74l64 28.5v-78zm160 0l-64 24.5v78l64-28.5v-74zM160 277l-58 25 58 29 58-28.5zm192 0l-40 17.5-18 8 58 28.5 58-29zM80 326.5V401l64 36v-78.5zm352 0l-64 32V437l64-36v-74.5zm-192 1l-64 31V438l64-32v-78.5zm32 0V406l64 32v-79.5z\"><\/path><\/svg><\/span><\/div>\n            <div\n              data-colibri-id=\"733-c21\" class=\"h-global-transition-all h-heading style-1774 style-local-733-c21 position-relative h-element\">\n              <!---->\n              <div class=\"h-heading__outer style-1774 style-local-733-c21\">\n                <!---->\n                <!---->\n                <h5 class=\"\">GUIA PER a PROFESSIONALS DE PRIMERA L\u00cdNIA EN L&#8217;ABORDATGE DE LA VIOL\u00c8NCIA DE G\u00c8NERE EN HOMES<\/h5>\n              <\/div>\n          <\/div>\n          <div data-colibri-id=\"733-c22\" class=\"h-x-container style-1776 style-local-733-c22 position-relative h-element\">\n            <!---->\n            <div class=\"h-x-container-inner style-dynamic-733-c22-group style-1776-spacing style-local-733-c22-spacing\"><span class=\"h-link__outer style-1777-outer style-local-733-c23-outer d-inline-flex h-element\"><a h-use-smooth-scroll=\"true\" href=\"https:\/\/ovm.baixemporda.cat\/wp-admin\/post.php?post=3394&amp;action=edit\"  data-colibri-id=\"733-c23\" class=\"d-flex w-100 align-items-center h-link style-1777 style-local-733-c23 position-relative\"><!----><!----> <span>Clica aqu\u00ed<\/span>              <span class=\"h-svg-icon h-link__icon style-1777-icon style-local-733-c23-icon\"><!--Icon by Icons8 Line Awesome (https:\/\/icons8.com\/line-awesome)--><svg version=\"1.1\" xmlns=\"http:\/\/www.w3.org\/2000\/svg\" xmlns:xlink=\"http:\/\/www.w3.org\/1999\/xlink\" id=\"angle-double-right\" viewBox=\"0 0 512 545.5\"><path d=\"M145.5 108.5l168 168L325 288l-11.5 11.5-168 168-22.5-23L279.5 288 123 131.5zm112 0l168 168L437 288l-11.5 11.5-168 168-22.5-23L391.5 288 235 131.5z\"><\/path><\/svg><\/span><\/a>\n              <\/span>\n            <\/div>\n          <\/div>\n        <\/div>\n      <\/div>\n    <\/div>\n  <\/div>\n<\/div>\n<\/div>\n<\/div>\n<div data-colibri-component=\"section\" data-colibri-id=\"733-c24\" id=\"overlappable\" class=\"h-section h-section-global-spacing d-flex align-items-lg-center align-items-md-center align-items-center style-1799 style-local-733-c24 position-relative\">\n  <!---->\n  <!---->\n  <div class=\"h-section-grid-container h-section-boxed-container\">\n    <!---->\n    <div data-colibri-id=\"733-c25\" class=\"h-row-container gutters-row-lg-0 gutters-row-md-0 gutters-row-2 gutters-row-v-lg-0 gutters-row-v-md-0 gutters-row-v-2 style-1800 style-local-733-c25 position-relative\">\n      <!---->\n      <div class=\"h-row justify-content-lg-center justify-content-md-center justify-content-center align-items-lg-stretch align-items-md-stretch align-items-stretch gutters-col-lg-0 gutters-col-md-0 gutters-col-2 gutters-col-v-lg-0 gutters-col-v-md-0 gutters-col-v-2\">\n        <!---->\n        <div class=\"h-column h-column-container d-flex h-col-lg-4 h-col-md-4 h-col-12 style-1801-outer style-local-733-c26-outer\">\n          <div data-colibri-id=\"733-c26\" class=\"d-flex h-flex-basis h-column__inner h-px-lg-3 h-px-md-3 h-px-2 v-inner-lg-3 v-inner-md-3 v-inner-2 style-1801 style-local-733-c26 position-relative\">\n            <!---->\n            <!---->\n            <div class=\"w-100 h-y-container h-column__content h-column__v-align flex-basis-100 align-self-lg-start align-self-md-start align-self-start\">\n              <!---->\n              <div data-colibri-id=\"733-c27\" class=\"h-icon style-1802 style-local-733-c27 position-relative h-element\">\n                <!----><span class=\"h-svg-icon h-icon__icon style-1802-icon style-local-733-c27-icon\"><!--Icon by Icons8 Line Awesome (https:\/\/icons8.com\/line-awesome)--><svg version=\"1.1\" xmlns=\"http:\/\/www.w3.org\/2000\/svg\" xmlns:xlink=\"http:\/\/www.w3.org\/1999\/xlink\" id=\"paper-plane\" viewBox=\"0 0 512 545.5\"><path d=\"M57.5 117.5L86 129l352 144 36.5 15-36.5 15L86 447l-28.5 11.5 7-30 31-140.5-31-140.5zm44.5 53L124.5 272h226zM124.5 304L102 405.5 350.5 304h-226z\"><\/path><\/svg><\/span><\/div>\n              <div\n                data-colibri-id=\"733-c28\" class=\"h-global-transition-all h-heading style-1803 style-local-733-c28 position-relative h-element\">\n                <!---->\n                <div class=\"h-heading__outer style-1803 style-local-733-c28\">\n                  <!---->\n                  <!---->\n                  <h5 class=\"\">guia per als fons del &#8220;Pacte d&#8217;estat contra la viol\u00e8ncia de g\u00e8nere&#8221; per als ens locals i comarcals<\/h5>\n                <\/div>\n            <\/div>\n            <div data-colibri-id=\"733-c29\" class=\"h-x-container style-1805 style-local-733-c29 position-relative h-element\">\n              <!---->\n              <div class=\"h-x-container-inner style-dynamic-733-c29-group style-1805-spacing style-local-733-c29-spacing\"><span class=\"h-link__outer style-1806-outer style-local-733-c30-outer d-inline-flex h-element\"><a h-use-smooth-scroll=\"true\" href=\"guia-per-als-fons-del-pacte-destat-contra-la-violencia-de-genere-per-als-ens-locals-i-comarcalsguia\"  data-colibri-id=\"733-c30\" class=\"d-flex w-100 align-items-center h-link style-1806 style-local-733-c30 position-relative\"><!----><!----> <span>Clica aqu\u00ed<\/span>                <span class=\"h-svg-icon h-link__icon style-1806-icon style-local-733-c30-icon\"><!--Icon by Icons8 Line Awesome (https:\/\/icons8.com\/line-awesome)--><svg version=\"1.1\" xmlns=\"http:\/\/www.w3.org\/2000\/svg\" xmlns:xlink=\"http:\/\/www.w3.org\/1999\/xlink\" id=\"angle-double-right\" viewBox=\"0 0 512 545.5\"><path d=\"M145.5 108.5l168 168L325 288l-11.5 11.5-168 168-22.5-23L279.5 288 123 131.5zm112 0l168 168L437 288l-11.5 11.5-168 168-22.5-23L391.5 288 235 131.5z\"><\/path><\/svg><\/span><\/a>\n                <\/span>\n              <\/div>\n            <\/div>\n          <\/div>\n        <\/div>\n      <\/div>\n    <\/div>\n  <\/div>\n<\/div>\n<\/div>\n<\/div>","protected":false},"excerpt":{"rendered":"<p>GUIA D&#8217;AJUTS PER A DONES EN SITUACI\u00d3 DE VIOL\u00c8NCIA Clica aqu\u00ed GUIA DELS DRETS DE LES PERSONES V\u00cdCTIMES DE VIOL\u00c8NCIA Clica aqu\u00ed GUIA PER EXPLICAR CONTES EDUCATIUS clica aqu\u00ed GUIA PER a PROFESSIONALS DE PRIMERA L\u00cdNIA EN L&#8217;ABORDATGE DE LA VIOL\u00c8NCIA DE G\u00c8NERE EN HOMES Clica aqu\u00ed guia per als fons del &#8220;Pacte d&#8217;estat contra [&hellip;]<\/p>\n","protected":false},"author":2,"featured_media":0,"parent":0,"menu_order":0,"comment_status":"closed","ping_status":"closed","template":"page-templates\/full-width-page.php","meta":{"footnotes":""},"class_list":["post-733","page","type-page","status-publish","hentry"],"_links":{"self":[{"href":"https:\/\/ovm.baixemporda.cat\/index.php\/wp-json\/wp\/v2\/pages\/733","targetHints":{"allow":["GET"]}}],"collection":[{"href":"https:\/\/ovm.baixemporda.cat\/index.php\/wp-json\/wp\/v2\/pages"}],"about":[{"href":"https:\/\/ovm.baixemporda.cat\/index.php\/wp-json\/wp\/v2\/types\/page"}],"author":[{"embeddable":true,"href":"https:\/\/ovm.baixemporda.cat\/index.php\/wp-json\/wp\/v2\/users\/2"}],"replies":[{"embeddable":true,"href":"https:\/\/ovm.baixemporda.cat\/index.php\/wp-json\/wp\/v2\/comments?post=733"}],"version-history":[{"count":20,"href":"https:\/\/ovm.baixemporda.cat\/index.php\/wp-json\/wp\/v2\/pages\/733\/revisions"}],"predecessor-version":[{"id":3653,"href":"https:\/\/ovm.baixemporda.cat\/index.php\/wp-json\/wp\/v2\/pages\/733\/revisions\/3653"}],"wp:attachment":[{"href":"https:\/\/ovm.baixemporda.cat\/index.php\/wp-json\/wp\/v2\/media?parent=733"}],"curies":[{"name":"wp","href":"https:\/\/api.w.org\/{rel}","templated":true}]}}