{"id":832,"date":"2022-03-30T13:53:33","date_gmt":"2022-03-30T11:53:33","guid":{"rendered":"https:\/\/ovm.baixemporda.cat\/?page_id=832"},"modified":"2022-03-31T13:21:32","modified_gmt":"2022-03-31T11:21:32","slug":"violencia-obstetrica-i-vulneracio-de-drets-sexuals-i-reproductius","status":"publish","type":"page","link":"https:\/\/ovm.baixemporda.cat\/index.php\/violencia-obstetrica-i-vulneracio-de-drets-sexuals-i-reproductius\/","title":{"rendered":"Viol\u00e8ncia obst\u00e8trica i vulneraci\u00f3 de drets sexuals i reproductius"},"content":{"rendered":"\n<p>&nbsp;La viol\u00e8ncia obst\u00e8trica i vulneraci\u00f3 de drets sexuals i reproductius: consisteix a impedir o dificultar l\u2019acc\u00e9s a una informaci\u00f3 vera\u00e7, necess\u00e0ria per a la presa de decisions aut\u00f2nomes i informades. Pot afectar els diferents \u00e0mbits de la salut f\u00edsica i mental, incloent-hi la salut sexual i reproductiva, i pot impedir o dificultar a les dones prendre decisions sobre llurs pr\u00e0ctiques i prefer\u00e8ncies sexuals, i sobre llur reproducci\u00f3 i les condicions en qu\u00e8 es duu a terme, d\u2019acord amb els sup\u00f2sits inclosos en la legislaci\u00f3 sectorial aplicable. Inclou l\u2019esterilitzaci\u00f3 for\u00e7ada, l&#8217;embar\u00e0s for\u00e7at, l&#8217;impediment d&#8217;avortament en els sup\u00f2sits legalment establerts i la dificultat per a accedir als m\u00e8todes contraceptius, als m\u00e8todes de prevenci\u00f3 d\u2019infeccions de transmissi\u00f3 sexual i del VIH, i als m\u00e8todes de reproducci\u00f3 assistida, i tamb\u00e9 les pr\u00e0ctiques ginecol\u00f2giques i obst\u00e8triques que no respectin les decisions, el cos, la salut i els processos emocionals de la dona.<\/p>\n\n\n\n<p><\/p>\n\n\n\n<p class=\"has-small-font-size\">Font: LLEI 17\/2020, del 22 de desembre, de modificaci\u00f3 de la Llei 5\/2008, del dret de les dones a erradicar la viol\u00e8ncia masclista.<\/p>\n","protected":false},"excerpt":{"rendered":"<p>&nbsp;La viol\u00e8ncia obst\u00e8trica i vulneraci\u00f3 de drets sexuals i reproductius: consisteix a impedir o dificultar l\u2019acc\u00e9s a una informaci\u00f3 vera\u00e7, necess\u00e0ria per a la presa de decisions aut\u00f2nomes i informades. Pot afectar els diferents \u00e0mbits de la salut f\u00edsica i mental, incloent-hi la salut sexual i reproductiva, i pot impedir o dificultar a les dones [&hellip;]<\/p>\n","protected":false},"author":2,"featured_media":0,"parent":0,"menu_order":0,"comment_status":"closed","ping_status":"closed","template":"","meta":{"footnotes":""},"class_list":["post-832","page","type-page","status-publish","hentry"],"_links":{"self":[{"href":"https:\/\/ovm.baixemporda.cat\/index.php\/wp-json\/wp\/v2\/pages\/832","targetHints":{"allow":["GET"]}}],"collection":[{"href":"https:\/\/ovm.baixemporda.cat\/index.php\/wp-json\/wp\/v2\/pages"}],"about":[{"href":"https:\/\/ovm.baixemporda.cat\/index.php\/wp-json\/wp\/v2\/types\/page"}],"author":[{"embeddable":true,"href":"https:\/\/ovm.baixemporda.cat\/index.php\/wp-json\/wp\/v2\/users\/2"}],"replies":[{"embeddable":true,"href":"https:\/\/ovm.baixemporda.cat\/index.php\/wp-json\/wp\/v2\/comments?post=832"}],"version-history":[{"count":2,"href":"https:\/\/ovm.baixemporda.cat\/index.php\/wp-json\/wp\/v2\/pages\/832\/revisions"}],"predecessor-version":[{"id":963,"href":"https:\/\/ovm.baixemporda.cat\/index.php\/wp-json\/wp\/v2\/pages\/832\/revisions\/963"}],"wp:attachment":[{"href":"https:\/\/ovm.baixemporda.cat\/index.php\/wp-json\/wp\/v2\/media?parent=832"}],"curies":[{"name":"wp","href":"https:\/\/api.w.org\/{rel}","templated":true}]}}